{"id":1647,"date":"2020-11-30T12:22:46","date_gmt":"2020-11-30T12:22:46","guid":{"rendered":"https:\/\/www.etnosfera.ro\/?page_id=1647"},"modified":"2023-10-03T07:58:46","modified_gmt":"2023-10-03T07:58:46","slug":"apel-pentru-publicare","status":"publish","type":"page","link":"https:\/\/www.etnosfera.ro\/ro\/apel-pentru-publicare\/","title":{"rendered":"Apel pentru publicare"},"content":{"rendered":"<p><strong>CFP \u2013 IMPACTUL FOR\u021aEI DE MUNC\u0102 STR\u0102INE PE TERITORIUL \u021a\u0102RII<\/strong><\/p>\n<p><strong>TERMEN: 15 MARTIE 2024<\/strong><\/p>\n<p><strong><em>Revista Etnosfera<\/em> prime\u0219te contribu\u021bii referitoare la impactul for\u021bei de munc\u0103 str\u0103ine pe teritoriul \u021b\u0103rii, privind transform\u0103rile din punct de vedere identitar, social, economic, cultural, religios, lingvistic, etc. pe care le traverseaz\u0103 at\u00e2t societatea primitoare c\u00e2t \u0219i imigran\u021bii.<\/strong><\/p>\n<p>Emigra\u021bia rom\u00e2neasc\u0103 a devenit un fenomen social \u015fi economic major. M\u0103rimea deosebit\u0103 a diasporei plasa Rom\u00e2nia pe locul cinci \u00een lume, \u00een anul 2019. La \u00eenceputul anului 2022 secretarul de stat \u00een cadrul Departamentului Rom\u00e2nilor de Pretutindeni, Florin C\u00e2rciu, estima c\u0103 cel pu\u021bin opt milioane de rom\u00e2ni tr\u0103iesc \u00een afara grani\u021belor \u021b\u0103rii.<\/p>\n<p><strong>Invit\u0103m at\u00e2t cercet\u0103torii tineri, c\u00e2t \u0219i pe cei cu experien\u021b\u0103 (din domeniul \u0219tiin\u021belor sociale sau din alte domenii) s\u0103 \u00ee\u0219i trimit\u0103 lucr\u0103rile p\u00e2n\u0103 la data de 15 martie 2024 la adresa <a href=\"mailto:office@etnosfera.ro\">office@etnosfera.ro<\/a>, \u00eempreun\u0103 cu o scurt\u0103 descriere a autorului (nume, afiliere, interese de cercetare, date de contact). Studiile pot privi Rom\u00e2nia sau orice alt\u0103 \u021bar\u0103 afectat\u0103 de fenomenul imigra\u021biei.<\/strong><\/p>\n<p>Articolele trebuie s\u0103 respecte condi\u021biile tehnice de editare \u0219i de citare prev\u0103zute \u00een sec\u021biunea <a href=\"https:\/\/www.etnosfera.ro\/ro\/ghid-pentru-autori\/\"><strong>\u201eGhid de tehnoredactare\u201d<\/strong><\/a>.<\/p>\n<p>Articolele selectate vor fi publicate \u00een <em>Revista Etnosfera<\/em> nr. 1\/2024 care va fi disponibil\u0103 at\u00e2t \u00een format tip\u0103rit (sub egida Editurii Academiei Rom\u00e2ne), c\u00e2t \u0219i \u00een format electronic pe site-ul revistei.<\/p>\n<p>Nu se pl\u0103te\u0219te nicio tax\u0103 pentru a trimite sau publica \u00een aceast\u0103 revist\u0103.<\/p>\n<p>Revista noastr\u0103 a fost recent inclus\u0103 \u00een baza de date CEOOL, iar \u00een acest moment se afl\u0103 \u00een curs de evaluare de c\u0103tre alte c\u00e2teva baze de date.<\/p>","protected":false},"excerpt":{"rendered":"<p>CFP \u2013 IMPACTUL FOR\u021aEI DE MUNC\u0102 STR\u0102INE PE TERITORIUL \u021a\u0102RII  [&#8230;]<\/p>","protected":false},"author":4,"featured_media":1355,"parent":0,"menu_order":0,"comment_status":"closed","ping_status":"closed","template":"","meta":{"_acf_changed":false,"footnotes":""},"class_list":["post-1647","page","type-page","status-publish","has-post-thumbnail","hentry"],"acf":[],"yoast_head":"<!-- This site is optimized with the Yoast SEO plugin v25.0 - https:\/\/yoast.com\/wordpress\/plugins\/seo\/ -->\n<title>Apel pentru publicare - Etnosfera Journal<\/title>\n<meta name=\"robots\" content=\"noindex, follow, max-snippet:-1, max-image-preview:large, max-video-preview:-1\" \/>\n<meta property=\"og:locale\" content=\"ro_RO\" \/>\n<meta property=\"og:type\" content=\"article\" \/>\n<meta property=\"og:title\" content=\"Apel pentru publicare - Etnosfera Journal\" \/>\n<meta property=\"og:description\" content=\"CFP \u2013 IMPACTUL FOR\u021aEI DE MUNC\u0102 STR\u0102INE PE TERITORIUL \u021a\u0102RII [...]\" \/>\n<meta property=\"og:url\" content=\"https:\/\/www.etnosfera.ro\/ro\/apel-pentru-publicare\/\" \/>\n<meta property=\"og:site_name\" content=\"Etnosfera Journal\" \/>\n<meta property=\"article:modified_time\" content=\"2023-10-03T07:58:46+00:00\" \/>\n<meta property=\"og:image\" content=\"https:\/\/www.etnosfera.ro\/wp-content\/uploads\/2020\/11\/call-for-papers.png\" \/>\n\t<meta property=\"og:image:width\" content=\"912\" \/>\n\t<meta property=\"og:image:height\" content=\"516\" \/>\n\t<meta property=\"og:image:type\" content=\"image\/png\" \/>\n<meta name=\"twitter:card\" content=\"summary_large_image\" \/>\n<meta name=\"twitter:label1\" content=\"Timp estimat pentru citire\" \/>\n\t<meta name=\"twitter:data1\" content=\"1 minut\" \/>\n<script type=\"application\/ld+json\" class=\"yoast-schema-graph\">{\"@context\":\"https:\/\/schema.org\",\"@graph\":[{\"@type\":\"WebPage\",\"@id\":\"https:\/\/www.etnosfera.ro\/apel-pentru-publicare\/\",\"url\":\"https:\/\/www.etnosfera.ro\/apel-pentru-publicare\/\",\"name\":\"Apel pentru publicare - Etnosfera Journal\",\"isPartOf\":{\"@id\":\"https:\/\/www.etnosfera.ro\/#website\"},\"primaryImageOfPage\":{\"@id\":\"https:\/\/www.etnosfera.ro\/apel-pentru-publicare\/#primaryimage\"},\"image\":{\"@id\":\"https:\/\/www.etnosfera.ro\/apel-pentru-publicare\/#primaryimage\"},\"thumbnailUrl\":\"https:\/\/www.etnosfera.ro\/wp-content\/uploads\/2020\/11\/call-for-papers.png\",\"datePublished\":\"2020-11-30T12:22:46+00:00\",\"dateModified\":\"2023-10-03T07:58:46+00:00\",\"inLanguage\":\"ro-RO\",\"potentialAction\":[{\"@type\":\"ReadAction\",\"target\":[\"https:\/\/www.etnosfera.ro\/apel-pentru-publicare\/\"]}]},{\"@type\":\"ImageObject\",\"inLanguage\":\"ro-RO\",\"@id\":\"https:\/\/www.etnosfera.ro\/apel-pentru-publicare\/#primaryimage\",\"url\":\"https:\/\/www.etnosfera.ro\/wp-content\/uploads\/2020\/11\/call-for-papers.png\",\"contentUrl\":\"https:\/\/www.etnosfera.ro\/wp-content\/uploads\/2020\/11\/call-for-papers.png\",\"width\":912,\"height\":516},{\"@type\":\"WebSite\",\"@id\":\"https:\/\/www.etnosfera.ro\/#website\",\"url\":\"https:\/\/www.etnosfera.ro\/\",\"name\":\"Etnosfera Journal\",\"description\":\"\",\"potentialAction\":[{\"@type\":\"SearchAction\",\"target\":{\"@type\":\"EntryPoint\",\"urlTemplate\":\"https:\/\/www.etnosfera.ro\/?s={search_term_string}\"},\"query-input\":{\"@type\":\"PropertyValueSpecification\",\"valueRequired\":true,\"valueName\":\"search_term_string\"}}],\"inLanguage\":\"ro-RO\"}]}<\/script>\n<!-- \/ Yoast SEO plugin. -->","yoast_head_json":{"title":"Apel pentru publicare - Etnosfera Journal","robots":{"index":"noindex","follow":"follow","max-snippet":"max-snippet:-1","max-image-preview":"max-image-preview:large","max-video-preview":"max-video-preview:-1"},"og_locale":"ro_RO","og_type":"article","og_title":"Apel pentru publicare - Etnosfera Journal","og_description":"CFP \u2013 IMPACTUL FOR\u021aEI DE MUNC\u0102 STR\u0102INE PE TERITORIUL \u021a\u0102RII [...]","og_url":"https:\/\/www.etnosfera.ro\/ro\/apel-pentru-publicare\/","og_site_name":"Etnosfera Journal","article_modified_time":"2023-10-03T07:58:46+00:00","og_image":[{"width":912,"height":516,"url":"https:\/\/www.etnosfera.ro\/wp-content\/uploads\/2020\/11\/call-for-papers.png","type":"image\/png"}],"twitter_card":"summary_large_image","twitter_misc":{"Timp estimat pentru citire":"1 minut"},"schema":{"@context":"https:\/\/schema.org","@graph":[{"@type":"WebPage","@id":"https:\/\/www.etnosfera.ro\/apel-pentru-publicare\/","url":"https:\/\/www.etnosfera.ro\/apel-pentru-publicare\/","name":"Apel pentru publicare - Etnosfera Journal","isPartOf":{"@id":"https:\/\/www.etnosfera.ro\/#website"},"primaryImageOfPage":{"@id":"https:\/\/www.etnosfera.ro\/apel-pentru-publicare\/#primaryimage"},"image":{"@id":"https:\/\/www.etnosfera.ro\/apel-pentru-publicare\/#primaryimage"},"thumbnailUrl":"https:\/\/www.etnosfera.ro\/wp-content\/uploads\/2020\/11\/call-for-papers.png","datePublished":"2020-11-30T12:22:46+00:00","dateModified":"2023-10-03T07:58:46+00:00","inLanguage":"ro-RO","potentialAction":[{"@type":"ReadAction","target":["https:\/\/www.etnosfera.ro\/apel-pentru-publicare\/"]}]},{"@type":"ImageObject","inLanguage":"ro-RO","@id":"https:\/\/www.etnosfera.ro\/apel-pentru-publicare\/#primaryimage","url":"https:\/\/www.etnosfera.ro\/wp-content\/uploads\/2020\/11\/call-for-papers.png","contentUrl":"https:\/\/www.etnosfera.ro\/wp-content\/uploads\/2020\/11\/call-for-papers.png","width":912,"height":516},{"@type":"WebSite","@id":"https:\/\/www.etnosfera.ro\/#website","url":"https:\/\/www.etnosfera.ro\/","name":"Etnosfera Journal","description":"","potentialAction":[{"@type":"SearchAction","target":{"@type":"EntryPoint","urlTemplate":"https:\/\/www.etnosfera.ro\/?s={search_term_string}"},"query-input":{"@type":"PropertyValueSpecification","valueRequired":true,"valueName":"search_term_string"}}],"inLanguage":"ro-RO"}]}},"_links":{"self":[{"href":"https:\/\/www.etnosfera.ro\/ro\/wp-json\/wp\/v2\/pages\/1647","targetHints":{"allow":["GET"]}}],"collection":[{"href":"https:\/\/www.etnosfera.ro\/ro\/wp-json\/wp\/v2\/pages"}],"about":[{"href":"https:\/\/www.etnosfera.ro\/ro\/wp-json\/wp\/v2\/types\/page"}],"author":[{"embeddable":true,"href":"https:\/\/www.etnosfera.ro\/ro\/wp-json\/wp\/v2\/users\/4"}],"replies":[{"embeddable":true,"href":"https:\/\/www.etnosfera.ro\/ro\/wp-json\/wp\/v2\/comments?post=1647"}],"version-history":[{"count":3,"href":"https:\/\/www.etnosfera.ro\/ro\/wp-json\/wp\/v2\/pages\/1647\/revisions"}],"predecessor-version":[{"id":1650,"href":"https:\/\/www.etnosfera.ro\/ro\/wp-json\/wp\/v2\/pages\/1647\/revisions\/1650"}],"wp:featuredmedia":[{"embeddable":true,"href":"https:\/\/www.etnosfera.ro\/ro\/wp-json\/wp\/v2\/media\/1355"}],"wp:attachment":[{"href":"https:\/\/www.etnosfera.ro\/ro\/wp-json\/wp\/v2\/media?parent=1647"}],"curies":[{"name":"wp","href":"https:\/\/api.w.org\/{rel}","templated":true}]}}