{"id":1762,"date":"2025-01-13T09:57:10","date_gmt":"2025-01-13T09:57:10","guid":{"rendered":"https:\/\/www.staging.etnosfera.ro\/?page_id=1762"},"modified":"2025-07-09T17:17:05","modified_gmt":"2025-07-09T17:17:05","slug":"submit-article","status":"publish","type":"page","link":"https:\/\/www.etnosfera.ro\/ro\/submit-article\/","title":{"rendered":"Trimite un manuscris"},"content":{"rendered":"<div class=\"fusion-fullwidth fullwidth-box fusion-builder-row-1 fusion-flex-container has-pattern-background has-mask-background nonhundred-percent-fullwidth non-hundred-percent-height-scrolling\" style=\"--awb-border-radius-top-left:0px;--awb-border-radius-top-right:0px;--awb-border-radius-bottom-right:0px;--awb-border-radius-bottom-left:0px;--awb-flex-wrap:wrap;\" ><div class=\"fusion-builder-row fusion-row fusion-flex-align-items-flex-start fusion-flex-content-wrap\" style=\"max-width:1331.2px;margin-left: calc(-4% \/ 2 );margin-right: calc(-4% \/ 2 );\"><div class=\"fusion-layout-column fusion_builder_column fusion-builder-column-0 fusion_builder_column_1_4 1_4 fusion-flex-column\" style=\"--awb-bg-size:cover;--awb-width-large:25%;--awb-margin-top-large:0px;--awb-spacing-right-large:7.68%;--awb-margin-bottom-large:20px;--awb-spacing-left-large:7.68%;--awb-width-medium:25%;--awb-order-medium:0;--awb-spacing-right-medium:7.68%;--awb-spacing-left-medium:7.68%;--awb-width-small:100%;--awb-order-small:0;--awb-spacing-right-small:1.92%;--awb-spacing-left-small:1.92%;\"><div class=\"fusion-column-wrapper fusion-column-has-shadow fusion-flex-justify-content-flex-start fusion-content-layout-column\"><\/div><\/div><div class=\"fusion-layout-column fusion_builder_column fusion-builder-column-1 fusion_builder_column_1_2 1_2 fusion-flex-column\" style=\"--awb-bg-size:cover;--awb-width-large:50%;--awb-margin-top-large:0px;--awb-spacing-right-large:3.84%;--awb-margin-bottom-large:20px;--awb-spacing-left-large:3.84%;--awb-width-medium:50%;--awb-order-medium:0;--awb-spacing-right-medium:3.84%;--awb-spacing-left-medium:3.84%;--awb-width-small:100%;--awb-order-small:0;--awb-spacing-right-small:1.92%;--awb-spacing-left-small:1.92%;\"><div class=\"fusion-column-wrapper fusion-column-has-shadow fusion-flex-justify-content-flex-start fusion-content-layout-column\">\n<div class=\"wpcf7 no-js\" id=\"wpcf7-f2659-o1\" lang=\"en-US\" dir=\"ltr\" data-wpcf7-id=\"2659\">\n<div class=\"screen-reader-response\"><p role=\"status\" aria-live=\"polite\" aria-atomic=\"true\"><\/p> <ul><\/ul><\/div>\n<form action=\"\/ro\/wp-json\/wp\/v2\/pages\/1762#wpcf7-f2659-o1\" method=\"post\" class=\"wpcf7-form init\" aria-label=\"Contact form\" enctype=\"multipart\/form-data\" novalidate=\"novalidate\" data-status=\"init\" data-trp-original-action=\"\/ro\/wp-json\/wp\/v2\/pages\/1762#wpcf7-f2659-o1\">\n<div style=\"display: none;\">\n<input type=\"hidden\" name=\"_wpcf7\" value=\"2659\" \/>\n<input type=\"hidden\" name=\"_wpcf7_version\" value=\"6.0.6\" \/>\n<input type=\"hidden\" name=\"_wpcf7_locale\" value=\"en_US\" \/>\n<input type=\"hidden\" name=\"_wpcf7_unit_tag\" value=\"wpcf7-f2659-o1\" \/>\n<input type=\"hidden\" name=\"_wpcf7_container_post\" value=\"0\" \/>\n<input type=\"hidden\" name=\"_wpcf7_posted_data_hash\" value=\"\" \/>\n<input type=\"hidden\" name=\"_wpcf7_recaptcha_response\" value=\"\" \/>\n<\/div>\n<p><label>Nume \u0219i prenume*<br \/>\n<span class=\"wpcf7-form-control-wrap\" data-name=\"your-name\"><input size=\"40\" maxlength=\"400\" class=\"wpcf7-form-control wpcf7-text wpcf7-validates-as-required\" autocomplete=\"name\" aria-required=\"true\" aria-invalid=\"false\" value=\"\" type=\"text\" name=\"your-name\" \/><\/span> <\/label>\n<\/p>\n<p><label> Adresa de email*<br \/>\n<span class=\"wpcf7-form-control-wrap\" data-name=\"your-email\"><input size=\"40\" maxlength=\"400\" class=\"wpcf7-form-control wpcf7-email wpcf7-validates-as-required wpcf7-text wpcf7-validates-as-email\" autocomplete=\"email\" aria-required=\"true\" aria-invalid=\"false\" value=\"\" type=\"email\" name=\"your-email\" \/><\/span> <\/label><br \/>\n<label> Afiliere* <span class=\"wpcf7-form-control-wrap\" data-name=\"Affiliation\"><input size=\"40\" maxlength=\"400\" class=\"wpcf7-form-control wpcf7-text wpcf7-validates-as-required\" aria-required=\"true\" aria-invalid=\"false\" value=\"\" type=\"text\" name=\"Affiliation\" \/><\/span> <\/label><br \/>\n<label>Titlu academic*<br \/>\n<span class=\"wpcf7-form-control-wrap\" data-name=\"Academic-title\"><select class=\"wpcf7-form-control wpcf7-select\" aria-invalid=\"false\" name=\"Academic-title\"><option value=\"Phd\">Dr.<\/option><option value=\"Phdc\">Doctorand<\/option><option value=\"MA Student\">Student la masterat<\/option><option value=\"BA Student\">Student la licen\u021b\u0103<\/option><option value=\"None\">Niciunul<\/option><option value=\"Others\">Altele<\/option><\/select><\/span><br \/>\n<\/label><br \/>\n<label> Titlu manuscris<br \/>\n<span class=\"wpcf7-form-control-wrap\" data-name=\"your-subject\"><input size=\"40\" maxlength=\"400\" class=\"wpcf7-form-control wpcf7-text wpcf7-validates-as-required\" aria-required=\"true\" aria-invalid=\"false\" value=\"\" type=\"text\" name=\"your-subject\" \/><\/span> <\/label><br \/>\n<label> Cuprins*<br \/>\n<span class=\"wpcf7-form-control-wrap\" data-name=\"abstract\"><textarea cols=\"40\" rows=\"10\" maxlength=\"2000\" minlength=\"1\" class=\"wpcf7-form-control wpcf7-textarea wpcf7-validates-as-required\" aria-required=\"true\" aria-invalid=\"false\" name=\"abstract\"><\/textarea><\/span> <\/label><br \/>\n<label> <\/label>\n<\/p>\n<p style=\"margin-buttom:0px!important;\">Cuvinte cheie\n<\/p>\n<p style=\"font-size:14px;\">V\u0103 rug\u0103m s\u0103 separa\u021bi prin \",\"\n<\/p>\n<p><span class=\"wpcf7-form-control-wrap\" data-name=\"keywords\"><input size=\"40\" maxlength=\"400\" class=\"wpcf7-form-control wpcf7-text wpcf7-validates-as-required\" aria-required=\"true\" aria-invalid=\"false\" value=\"\" type=\"text\" name=\"keywords\" \/><\/span>\n<\/p>\n<p style=\"padding:15px 0 10px 0!important;\"><label> \u00cencarc\u0103 un articol*<\/label>\n<\/p>\n<p><label><\/label>\n<\/p>\n<p style=\"font-size:14px;\">Sunt acceptate doar formatele <b style=\"color:#e75438\">doc \u0219i docx.<\/b> Dimensiunea maxim\u0103 a fi\u0219ierului: 20 MB.\n<\/p>\n<p style=\"padding:0 0 10px 0!important;\"><span class=\"wpcf7-form-control-wrap\" data-name=\"file-492\"><input size=\"40\" class=\"wpcf7-form-control wpcf7-file wpcf7-validates-as-required\" accept=\".doc,.docx\" aria-required=\"true\" aria-invalid=\"false\" type=\"file\" name=\"file-492\" \/><\/span>\n<\/p>\n<p><label><\/label>\n<\/p>\n<p>1. Originalitatea manuscrisului\n<\/p>\n<p><span class=\"wpcf7-form-control-wrap\" data-name=\"acceptance-1\"><span class=\"wpcf7-form-control wpcf7-acceptance\"><span class=\"wpcf7-list-item\"><label><input type=\"checkbox\" name=\"acceptance-1\" value=\"1\" aria-invalid=\"false\" \/><span class=\"wpcf7-list-item-label\">Confirm c\u0103 manuscrisul este \u00een \u00eentregime lucrare original\u0103 a mea, nu con\u021bine contribu\u021bii de la ter\u021bi \u0219i sunt de acord cu utilizarea unui software de detectare a plagiatului pentru documentul trimis.<\/span><\/label><\/span><\/span><\/span><br \/>\n<br \/>\n<label>2. Publicare anterioar\u0103<br \/>\n<span class=\"wpcf7-form-control-wrap\" data-name=\"acceptance-2\"><span class=\"wpcf7-form-control wpcf7-acceptance\"><span class=\"wpcf7-list-item\"><label><input type=\"checkbox\" name=\"acceptance-2\" value=\"1\" aria-invalid=\"false\" \/><span class=\"wpcf7-list-item-label\">Confirm c\u0103 manuscrisul nu a fost publicat anterior, integral sau par\u021bial, \u00een nicio alt\u0103 revist\u0103 sau publica\u021bie.<\/span><\/label><\/span><\/span><\/span><br \/>\n<\/label><br \/>\n<label>3. Utilizarea inteligen\u021bei artificiale<br \/>\n<span class=\"wpcf7-form-control-wrap\" data-name=\"acceptance-3\"><span class=\"wpcf7-form-control wpcf7-acceptance\"><span class=\"wpcf7-list-item\"><label><input type=\"checkbox\" name=\"acceptance-3\" value=\"1\" aria-invalid=\"false\" \/><span class=\"wpcf7-list-item-label\">Confirm c\u0103 nu au fost utilizate instrumente de inteligen\u021b\u0103 artificial\u0103 \u00een preg\u0103tirea manuscrisului \u0219i sunt de acord cu evaluarea con\u021binutului folosind un software dedicat care detecteaz\u0103 materialul generat de inteligen\u021b\u0103 artificial\u0103.<\/span><\/label><\/span><\/span><\/span><br \/>\n<\/label><br \/>\n<label><span class=\"wpcf7-form-control-wrap\" data-name=\"acceptance-348\"><span class=\"wpcf7-form-control wpcf7-acceptance optional\"><span class=\"wpcf7-list-item\"><label><input type=\"checkbox\" name=\"acceptance-348\" value=\"1\" aria-invalid=\"false\" \/><span class=\"wpcf7-list-item-label\">Am citit \u0219i sunt de acord cu \n  <a href=\"https:\/\/www.etnosfera.ro\/ro\/terms-and-conditions\/\" target=\"_blank\">Termenii \u0219i condi\u021biile<\/a> \u0219i \n  <a href=\"https:\/\/www.etnosfera.ro\/ro\/privacy-policy\/\" target=\"_blank\">Politica de confiden\u021bialitate<\/a>.<\/span><\/label><\/span><\/span><\/span><\/label>\n<\/p>\n<p><input class=\"wpcf7-form-control wpcf7-submit has-spinner\" type=\"submit\" value=\"Trimite\" \/>\n<\/p><p style=\"display: none !important;\" class=\"akismet-fields-container\" data-prefix=\"_wpcf7_ak_\"><label>&#916;<textarea name=\"_wpcf7_ak_hp_textarea\" cols=\"45\" rows=\"8\" maxlength=\"100\"><\/textarea><\/label><input type=\"hidden\" id=\"ak_js_1\" name=\"_wpcf7_ak_js\" value=\"76\"\/><script>document.getElementById( \"ak_js_1\" ).setAttribute( \"value\", ( new Date() ).getTime() );<\/script><\/p><div class=\"fusion-alert alert custom alert-custom fusion-alert-center wpcf7-response-output awb-alert-native-link-color alert-dismissable awb-alert-close-boxed\" style=\"--awb-border-size:1px;--awb-border-top-left-radius:0px;--awb-border-top-right-radius:0px;--awb-border-bottom-left-radius:0px;--awb-border-bottom-right-radius:0px;\" role=\"alert\"><div class=\"fusion-alert-content-wrapper\"><span class=\"fusion-alert-content\"><\/span><\/div><button type=\"button\" class=\"close toggle-alert\" data-dismiss=\"alert\" aria-label=\"Close\">&times;<\/button><\/div>\n<input type=\"hidden\" name=\"trp-form-language\" value=\"ro\"\/><\/form>\n<\/div>\n<\/div><\/div><div class=\"fusion-layout-column fusion_builder_column fusion-builder-column-2 fusion_builder_column_1_4 1_4 fusion-flex-column\" style=\"--awb-bg-size:cover;--awb-width-large:25%;--awb-margin-top-large:0px;--awb-spacing-right-large:7.68%;--awb-margin-bottom-large:20px;--awb-spacing-left-large:7.68%;--awb-width-medium:25%;--awb-order-medium:0;--awb-spacing-right-medium:7.68%;--awb-spacing-left-medium:7.68%;--awb-width-small:100%;--awb-order-small:0;--awb-spacing-right-small:1.92%;--awb-spacing-left-small:1.92%;\"><div class=\"fusion-column-wrapper fusion-column-has-shadow fusion-flex-justify-content-flex-start fusion-content-layout-column\"><\/div><\/div><\/div><\/div>","protected":false},"excerpt":{"rendered":"","protected":false},"author":5,"featured_media":0,"parent":0,"menu_order":0,"comment_status":"closed","ping_status":"closed","template":"100-width.php","meta":{"_acf_changed":false,"footnotes":""},"class_list":["post-1762","page","type-page","status-publish","hentry"],"acf":[],"yoast_head":"<!-- This site is optimized with the Yoast SEO plugin v25.0 - https:\/\/yoast.com\/wordpress\/plugins\/seo\/ -->\n<title>Submit an article - Etnosfera Journal<\/title>\n<meta name=\"robots\" content=\"noindex, follow, max-snippet:-1, max-image-preview:large, max-video-preview:-1\" \/>\n<meta property=\"og:locale\" content=\"ro_RO\" \/>\n<meta property=\"og:type\" content=\"article\" \/>\n<meta property=\"og:title\" content=\"Submit an article - Etnosfera Journal\" \/>\n<meta property=\"og:url\" content=\"https:\/\/www.etnosfera.ro\/ro\/submit-article\/\" \/>\n<meta property=\"og:site_name\" content=\"Etnosfera Journal\" \/>\n<meta property=\"article:modified_time\" content=\"2025-07-09T17:17:05+00:00\" \/>\n<meta name=\"twitter:card\" content=\"summary_large_image\" \/>\n<meta name=\"twitter:label1\" content=\"Timp estimat pentru citire\" \/>\n\t<meta name=\"twitter:data1\" content=\"1 minut\" \/>\n<script type=\"application\/ld+json\" class=\"yoast-schema-graph\">{\"@context\":\"https:\/\/schema.org\",\"@graph\":[{\"@type\":\"WebPage\",\"@id\":\"https:\/\/www.etnosfera.ro\/submit-article\/\",\"url\":\"https:\/\/www.etnosfera.ro\/submit-article\/\",\"name\":\"Submit an article - Etnosfera Journal\",\"isPartOf\":{\"@id\":\"https:\/\/www.etnosfera.ro\/#website\"},\"datePublished\":\"2025-01-13T09:57:10+00:00\",\"dateModified\":\"2025-07-09T17:17:05+00:00\",\"inLanguage\":\"ro-RO\",\"potentialAction\":[{\"@type\":\"ReadAction\",\"target\":[\"https:\/\/www.etnosfera.ro\/submit-article\/\"]}]},{\"@type\":\"WebSite\",\"@id\":\"https:\/\/www.etnosfera.ro\/#website\",\"url\":\"https:\/\/www.etnosfera.ro\/\",\"name\":\"Etnosfera Journal\",\"description\":\"\",\"potentialAction\":[{\"@type\":\"SearchAction\",\"target\":{\"@type\":\"EntryPoint\",\"urlTemplate\":\"https:\/\/www.etnosfera.ro\/?s={search_term_string}\"},\"query-input\":{\"@type\":\"PropertyValueSpecification\",\"valueRequired\":true,\"valueName\":\"search_term_string\"}}],\"inLanguage\":\"ro-RO\"}]}<\/script>\n<!-- \/ Yoast SEO plugin. -->","yoast_head_json":{"title":"Submit an article - Etnosfera Journal","robots":{"index":"noindex","follow":"follow","max-snippet":"max-snippet:-1","max-image-preview":"max-image-preview:large","max-video-preview":"max-video-preview:-1"},"og_locale":"ro_RO","og_type":"article","og_title":"Submit an article - Etnosfera Journal","og_url":"https:\/\/www.etnosfera.ro\/ro\/submit-article\/","og_site_name":"Etnosfera Journal","article_modified_time":"2025-07-09T17:17:05+00:00","twitter_card":"summary_large_image","twitter_misc":{"Timp estimat pentru citire":"1 minut"},"schema":{"@context":"https:\/\/schema.org","@graph":[{"@type":"WebPage","@id":"https:\/\/www.etnosfera.ro\/submit-article\/","url":"https:\/\/www.etnosfera.ro\/submit-article\/","name":"Submit an article - Etnosfera Journal","isPartOf":{"@id":"https:\/\/www.etnosfera.ro\/#website"},"datePublished":"2025-01-13T09:57:10+00:00","dateModified":"2025-07-09T17:17:05+00:00","inLanguage":"ro-RO","potentialAction":[{"@type":"ReadAction","target":["https:\/\/www.etnosfera.ro\/submit-article\/"]}]},{"@type":"WebSite","@id":"https:\/\/www.etnosfera.ro\/#website","url":"https:\/\/www.etnosfera.ro\/","name":"Etnosfera Journal","description":"","potentialAction":[{"@type":"SearchAction","target":{"@type":"EntryPoint","urlTemplate":"https:\/\/www.etnosfera.ro\/?s={search_term_string}"},"query-input":{"@type":"PropertyValueSpecification","valueRequired":true,"valueName":"search_term_string"}}],"inLanguage":"ro-RO"}]}},"_links":{"self":[{"href":"https:\/\/www.etnosfera.ro\/ro\/wp-json\/wp\/v2\/pages\/1762","targetHints":{"allow":["GET"]}}],"collection":[{"href":"https:\/\/www.etnosfera.ro\/ro\/wp-json\/wp\/v2\/pages"}],"about":[{"href":"https:\/\/www.etnosfera.ro\/ro\/wp-json\/wp\/v2\/types\/page"}],"author":[{"embeddable":true,"href":"https:\/\/www.etnosfera.ro\/ro\/wp-json\/wp\/v2\/users\/5"}],"replies":[{"embeddable":true,"href":"https:\/\/www.etnosfera.ro\/ro\/wp-json\/wp\/v2\/comments?post=1762"}],"version-history":[{"count":30,"href":"https:\/\/www.etnosfera.ro\/ro\/wp-json\/wp\/v2\/pages\/1762\/revisions"}],"predecessor-version":[{"id":2395,"href":"https:\/\/www.etnosfera.ro\/ro\/wp-json\/wp\/v2\/pages\/1762\/revisions\/2395"}],"wp:attachment":[{"href":"https:\/\/www.etnosfera.ro\/ro\/wp-json\/wp\/v2\/media?parent=1762"}],"curies":[{"name":"wp","href":"https:\/\/api.w.org\/{rel}","templated":true}]}}