{"id":2757,"date":"2025-07-09T13:43:00","date_gmt":"2025-07-09T13:43:00","guid":{"rendered":"https:\/\/www.staging.etnosfera.ro\/?page_id=2757"},"modified":"2025-10-14T21:10:19","modified_gmt":"2025-10-14T19:10:19","slug":"peer-review","status":"publish","type":"page","link":"https:\/\/www.etnosfera.ro\/ro\/peer-review\/","title":{"rendered":"Evaluarea colegial\u0103"},"content":{"rendered":"<div id=\"Peer-review\" class=\"fusion-container-anchor\"><div class=\"fusion-fullwidth fullwidth-box fusion-builder-row-1 fusion-flex-container has-pattern-background has-mask-background nonhundred-percent-fullwidth non-hundred-percent-height-scrolling\" style=\"--awb-border-radius-top-left:0px;--awb-border-radius-top-right:0px;--awb-border-radius-bottom-right:0px;--awb-border-radius-bottom-left:0px;--awb-margin-bottom:10px;--awb-flex-wrap:wrap;\" ><div class=\"fusion-builder-row fusion-row fusion-flex-align-items-flex-start fusion-flex-content-wrap\" style=\"max-width:1331.2px;margin-left: calc(-4% \/ 2 );margin-right: calc(-4% \/ 2 );\"><div class=\"fusion-layout-column fusion_builder_column fusion-builder-column-0 fusion_builder_column_1_1 1_1 fusion-flex-column\" style=\"--awb-bg-size:cover;--awb-width-large:100%;--awb-margin-top-large:0px;--awb-spacing-right-large:1.92%;--awb-margin-bottom-large:0px;--awb-spacing-left-large:1.92%;--awb-width-medium:100%;--awb-order-medium:0;--awb-spacing-right-medium:1.92%;--awb-spacing-left-medium:1.92%;--awb-width-small:100%;--awb-order-small:0;--awb-spacing-right-small:1.92%;--awb-spacing-left-small:1.92%;\"><div class=\"fusion-column-wrapper fusion-column-has-shadow fusion-flex-justify-content-flex-start fusion-content-layout-column\"><div class=\"fusion-title title fusion-title-1 fusion-sep-none fusion-title-center fusion-title-text fusion-title-size-two\" style=\"--awb-margin-bottom:40px;\"><h2 class=\"fusion-title-heading title-heading-center\" style=\"margin:0;\"><h2>EVALUAREA COLEGIAL\u0102<\/h2><\/h2><\/div><div class=\"fusion-image-element\" style=\"text-align:center;--awb-margin-top-small:40px;--awb-max-width:125px;--awb-caption-title-font-family:var(--h2_typography-font-family);--awb-caption-title-font-weight:var(--h2_typography-font-weight);--awb-caption-title-font-style:var(--h2_typography-font-style);--awb-caption-title-size:var(--h2_typography-font-size);--awb-caption-title-transform:var(--h2_typography-text-transform);--awb-caption-title-line-height:var(--h2_typography-line-height);--awb-caption-title-letter-spacing:var(--h2_typography-letter-spacing);\"><span class=\"fusion-imageframe imageframe-none imageframe-1 hover-type-none\"><img decoding=\"async\" width=\"369\" height=\"15\" title=\"divider\" src=\"https:\/\/www.etnosfera.ro\/wp-content\/uploads\/2025\/04\/divider.png\" data-orig-src=\"https:\/\/www.staging.etnosfera.ro\/wp-content\/uploads\/2025\/04\/divider.png\" alt class=\"lazyload img-responsive wp-image-1922\" srcset=\"data:image\/svg+xml,%3Csvg%20xmlns%3D%27http%3A%2F%2Fwww.w3.org%2F2000%2Fsvg%27%20width%3D%27369%27%20height%3D%2715%27%20viewBox%3D%270%200%20369%2015%27%3E%3Crect%20width%3D%27369%27%20height%3D%2715%27%20fill-opacity%3D%220%22%2F%3E%3C%2Fsvg%3E\" data-srcset=\"https:\/\/www.etnosfera.ro\/wp-content\/uploads\/2025\/04\/divider-200x8.png 200w, https:\/\/www.etnosfera.ro\/wp-content\/uploads\/2025\/04\/divider.png 369w\" data-sizes=\"auto\" data-orig-sizes=\"(max-width: 820px) 100vw, 369px\" \/><\/span><\/div><div class=\"fusion-title title fusion-title-2 fusion-sep-none fusion-title-text fusion-title-size-one\"><h1 class=\"fusion-title-heading title-heading-left\" style=\"margin:0;\"><span style=\"font-weight: 400;\"><strong>Pasul 1<\/strong>: evaluarea editorului<\/span><\/h1><\/div><div class=\"fusion-text fusion-text-1\"><p style=\"text-align: justify;\">1. \u00cenainte de procesul de evaluare colegial\u0103, editorul verific\u0103 dac\u0103 manuscrisul respect\u0103 instruc\u021biunile\/ghidul pentru autori (dac\u0103 lucrarea este conform\u0103 cu cerin\u021bele de baz\u0103 ale revistei, cum ar fi num\u0103rul de cuvinte, claritatea limbajului \u0219i formatul).<\/p>\n<\/div><div class=\"fusion-text fusion-text-2\"><p>2. Calitatea articolului nu este evaluat\u0103 \u00een acest moment.<\/p>\n<\/div><div class=\"fusion-text fusion-text-3\"><p style=\"text-align: justify;\">3. \u00cen cazul \u00een care un articol nu respect\u0103 liniile directoare ale revistei, acesta va fi retrimis autorului pentru a face modific\u0103rile necesare.<\/p>\n<\/div><div class=\"fusion-text fusion-text-4\"><p style=\"text-align: justify;\">4. Dac\u0103 articolul nu corespunde scopului \u0219i domeniului de aplicare al revistei sau dac\u0103, dup\u0103 a doua transmitere, articolul nu respect\u0103 liniile directoare, acesta va fi respins, iar autorul va fi informat \u00een consecin\u021b\u0103.<\/p>\n<\/div><div class=\"fusion-text fusion-text-5\"><p style=\"text-align: left;\">5. Numai articolele care \u00eendeplinesc liniile directoare ale revistei vor fi trimise pentru evaluarea colegial\u0103.<\/p>\n<\/div><div class=\"fusion-title title fusion-title-3 fusion-sep-none fusion-title-text fusion-title-size-one ppr\" style=\"--awb-margin-bottom:0px;\" id=\"ppr\"><h1 class=\"fusion-title-heading title-heading-left\" style=\"margin:0;\"><span style=\"font-weight: 400;\"><strong>Pasul 2<\/strong>: prima evaluare colegial\u0103<\/span><\/h1><\/div><div class=\"fusion-text fusion-text-6\"><p style=\"text-align: justify;\">1. Textul trimis spre publicare va fi evaluat de c\u0103tre doi referen\u021bi. Referen\u021bii sunt exper\u021bi independen\u021bi \u00een domeniu. Referen\u021bii verific\u0103 validitatea, semnifica\u021bia \u0219i originalitatea articolului.<\/p>\n<\/div><div class=\"fusion-text fusion-text-7 fusion-text-no-margin ppr\" style=\"--awb-margin-top:0px;--awb-margin-right:0px;--awb-margin-bottom:0px;--awb-margin-left:0px;\"><p>2. \u00cen procesul de evaluarea colegial\u0103, se verific\u0103 dac\u0103:<\/p>\n<\/div><div class=\"fusion-builder-row fusion-builder-row-inner fusion-row fusion-flex-align-items-flex-start fusion-flex-content-wrap\" style=\"width:104% !important;max-width:104% !important;margin-left: calc(-4% \/ 2 );margin-right: calc(-4% \/ 2 );\"><div class=\"fusion-layout-column fusion_builder_column_inner fusion-builder-nested-column-0 fusion_builder_column_inner_1_6 1_6 fusion-flex-column\" style=\"--awb-bg-size:cover;--awb-width-large:16.666666666667%;--awb-margin-top-large:0px;--awb-spacing-right-large:11.52%;--awb-margin-bottom-large:20px;--awb-spacing-left-large:11.52%;--awb-width-medium:16.666666666667%;--awb-order-medium:0;--awb-spacing-right-medium:11.52%;--awb-spacing-left-medium:11.52%;--awb-width-small:100%;--awb-order-small:0;--awb-spacing-right-small:1.92%;--awb-spacing-left-small:1.92%;\"><div class=\"fusion-column-wrapper fusion-column-has-shadow fusion-flex-justify-content-flex-start fusion-content-layout-column\"><\/div><\/div><div class=\"fusion-layout-column fusion_builder_column_inner fusion-builder-nested-column-1 fusion_builder_column_inner_5_6 5_6 fusion-flex-column\" style=\"--awb-bg-size:cover;--awb-width-large:83.333333333333%;--awb-margin-top-large:0px;--awb-spacing-right-large:2.304%;--awb-margin-bottom-large:20px;--awb-spacing-left-large:2.304%;--awb-width-medium:83.333333333333%;--awb-order-medium:0;--awb-spacing-right-medium:2.304%;--awb-spacing-left-medium:2.304%;--awb-width-small:100%;--awb-order-small:0;--awb-spacing-right-small:1.92%;--awb-spacing-left-small:1.92%;\"><div class=\"fusion-column-wrapper fusion-column-has-shadow fusion-flex-justify-content-flex-start fusion-content-layout-column\"><div class=\"fusion-text fusion-text-8\"><p>2.1 articolul corespunde profilului revistei;<\/p>\n<\/div><div class=\"fusion-text fusion-text-9\"><p>2.2 tema articolului este de interes;<\/p>\n<\/div><div class=\"fusion-text fusion-text-10\"><p>2.3 autorul aduce elemente de originalitate subiectului;<\/p>\n<\/div><div class=\"fusion-text fusion-text-11\"><p>2.4 stilul de redactare este \u0219tiin\u021bific;<\/p>\n<\/div><div class=\"fusion-text fusion-text-12\"><p>2.5 argumentele au o structur\u0103 clar\u0103 \u0219i logic\u0103;<\/p>\n<\/div><div class=\"fusion-text fusion-text-13\"><p>2.6 designul \u0219i metodologia studiului sunt adecvate;<\/p>\n<\/div><div class=\"fusion-text fusion-text-14 fusion-text-no-margin\" style=\"--awb-margin-bottom:0px;\"><p>2.7 concluziile sunt fiabile, semnificative \u0219i sus\u021binute de cercetare.<\/p>\n<\/div><\/div><\/div><\/div><div class=\"fusion-text fusion-text-15 fusion-text-no-margin\" style=\"--awb-margin-top:0px;--awb-margin-right:0px;--awb-margin-bottom:20px;--awb-margin-left:0px;\"><p>3. Referen\u021bii prezint\u0103 rapoartele editorului \u0219i \u00eel informeaz\u0103 cu privire la decizia lor.<\/p>\n<\/div><div class=\"fusion-text fusion-text-16\"><p style=\"text-align: justify;\">4. Editorul ia \u00een considerare toate evalu\u0103rile \u00eenainte de a lua o decizie. Dac\u0103 evalu\u0103rile difer\u0103 semnificativ, editorul poate invita un evaluator suplimentar pentru a ob\u021bine o alt\u0103 opinie \u00eenainte de a lua o decizie.<\/p>\n<\/div><div class=\"fusion-text fusion-text-17 fusion-text-no-margin\" style=\"--awb-margin-bottom:0px;\"><p>5. \u00cen urma evalu\u0103rii, editorul poate decide una dintre urm\u0103toarele:<\/p>\n<\/div><div class=\"fusion-builder-row fusion-builder-row-inner fusion-row fusion-flex-align-items-flex-start fusion-flex-content-wrap\" style=\"width:104% !important;max-width:104% !important;margin-left: calc(-4% \/ 2 );margin-right: calc(-4% \/ 2 );\"><div class=\"fusion-layout-column fusion_builder_column_inner fusion-builder-nested-column-2 fusion_builder_column_inner_1_6 1_6 fusion-flex-column\" style=\"--awb-bg-size:cover;--awb-width-large:16.666666666667%;--awb-margin-top-large:0px;--awb-spacing-right-large:11.52%;--awb-margin-bottom-large:20px;--awb-spacing-left-large:11.52%;--awb-width-medium:16.666666666667%;--awb-order-medium:0;--awb-spacing-right-medium:11.52%;--awb-spacing-left-medium:11.52%;--awb-width-small:100%;--awb-order-small:0;--awb-spacing-right-small:1.92%;--awb-spacing-left-small:1.92%;\"><div class=\"fusion-column-wrapper fusion-column-has-shadow fusion-flex-justify-content-flex-start fusion-content-layout-column\"><\/div><\/div><div class=\"fusion-layout-column fusion_builder_column_inner fusion-builder-nested-column-3 fusion_builder_column_inner_5_6 5_6 fusion-flex-column\" style=\"--awb-bg-size:cover;--awb-width-large:83.333333333333%;--awb-margin-top-large:0px;--awb-spacing-right-large:2.304%;--awb-margin-bottom-large:20px;--awb-spacing-left-large:2.304%;--awb-width-medium:83.333333333333%;--awb-order-medium:0;--awb-spacing-right-medium:2.304%;--awb-spacing-left-medium:2.304%;--awb-width-small:100%;--awb-order-small:0;--awb-spacing-right-small:1.92%;--awb-spacing-left-small:1.92%;\"><div class=\"fusion-column-wrapper fusion-column-has-shadow fusion-flex-justify-content-flex-start fusion-content-layout-column\"><div class=\"fusion-text fusion-text-18\"><p>5.1 Publicarea articolului, inform\u00e2nd \u00een prealabil autorul prin e-mail (ACCEPTAT);<\/p>\n<\/div><div class=\"fusion-text fusion-text-19\"><p style=\"text-align: justify;\">5.2 Retrimiterea articolului autorului pentru corectarea eventualelor probleme de editare (ACCEPTAT CU REVIZUIRI MINORE\/MAJORE), caz \u00een care rapoartele de evaluare vor fi \u00eemp\u0103rt\u0103\u0219ite autorului cu orice alte \u00eendrum\u0103ri din partea editorului.<\/p>\n<\/div><div class=\"fusion-text fusion-text-20\"><p style=\"text-align: justify;\">5.3 Respingerea articolului, dac\u0103 acesta nu \u00eendepline\u0219te criteriile de mai sus (RESPINS).<\/p>\n<\/div><\/div><\/div><\/div><div class=\"fusion-title title fusion-title-4 fusion-sep-none fusion-title-text fusion-title-size-one\"><h1 class=\"fusion-title-heading title-heading-left\" style=\"margin:0;\"><span style=\"font-weight: 400;\"><strong>Pasul 3<\/strong>: revizuirea \u0219i retrimiterea <\/span><\/h1><\/div><div class=\"fusion-text fusion-text-21\"><p style=\"text-align: justify;\">1. \u00cen cazul \u201eAcceptat cu revizuiri\u201d (minore sau majore), rapoartele referen\u021bilor vor fi trimise autorului \u00eempreun\u0103 cu orice \u00eendrumare suplimentar\u0103 din partea editorului.<\/p>\n<\/div><div class=\"fusion-text fusion-text-22\"><p>2. Autorii \u00ee\u0219i vor ajusta articolul pe baza comentariilor referen\u021bilor \u0219i vor retrimite articolul revizuit, respect\u00e2nd termenul stabilit.<\/p>\n<\/div><div class=\"fusion-text fusion-text-23\"><p>3. Dup\u0103 retrimitere, manuscrisul va fi verificat de editor prin intermediul referen\u021bilor.<\/p>\n<\/div><div class=\"fusion-text fusion-text-24\"><p style=\"text-align: justify;\">4. Acesta va fi trimis pentru o a doua rund\u0103 de evaluare colegial\u0103, solicit\u00e2nd referen\u021bilor s\u0103 evalueze modul \u00een care autorul a r\u0103spuns la comentariile lor.<\/p>\n<\/div><div class=\"fusion-text fusion-text-25\"><p>5. Lucrarea poate fi respins\u0103 dac\u0103 editorul consider\u0103 c\u0103 modific\u0103rile efectuate nu sunt adecvate.<\/p>\n<\/div><div class=\"fusion-text fusion-text-26\"><p>Pentru informa\u021bii suplimentare, v\u0103 rug\u0103m s\u0103 trimite\u021bi un e-mail la adresa:<\/p>\n<ul>\n<li>Redactor \u0219ef: Dr. Ovidiana BULUMAC \u2013 <a href=\"mailto:ovidiana.bulumac@gmail.com\">ovidiana.bulumac@gmail.com<\/a><\/li>\n<li>Secretar de redac\u021bie: Drd. Samira C\u00ceRLIG <a href=\"mailto:oana.samira.cirlig@gmail.com\">samira.cirlig@gmail.com<\/a><\/li>\n<\/ul>\n<\/div><\/div><\/div><\/div><\/div><\/div>","protected":false},"excerpt":{"rendered":"","protected":false},"author":5,"featured_media":0,"parent":0,"menu_order":0,"comment_status":"closed","ping_status":"closed","template":"100-width.php","meta":{"_acf_changed":false,"footnotes":""},"class_list":["post-2757","page","type-page","status-publish","hentry"],"acf":[],"yoast_head":"<!-- This site is optimized with the Yoast SEO plugin v25.0 - https:\/\/yoast.com\/wordpress\/plugins\/seo\/ -->\n<title>Peer review - Etnosfera Journal<\/title>\n<meta name=\"robots\" content=\"noindex, follow, max-snippet:-1, max-image-preview:large, max-video-preview:-1\" \/>\n<meta property=\"og:locale\" content=\"ro_RO\" \/>\n<meta property=\"og:type\" content=\"article\" \/>\n<meta property=\"og:title\" content=\"Peer review - Etnosfera Journal\" \/>\n<meta property=\"og:url\" content=\"https:\/\/www.etnosfera.ro\/ro\/peer-review\/\" \/>\n<meta property=\"og:site_name\" content=\"Etnosfera Journal\" \/>\n<meta property=\"article:modified_time\" content=\"2025-10-14T19:10:19+00:00\" \/>\n<meta name=\"twitter:card\" content=\"summary_large_image\" \/>\n<meta name=\"twitter:label1\" content=\"Timp estimat pentru citire\" \/>\n\t<meta name=\"twitter:data1\" content=\"3 minute\" \/>\n<script type=\"application\/ld+json\" class=\"yoast-schema-graph\">{\"@context\":\"https:\/\/schema.org\",\"@graph\":[{\"@type\":\"WebPage\",\"@id\":\"https:\/\/www.etnosfera.ro\/peer-review\/\",\"url\":\"https:\/\/www.etnosfera.ro\/peer-review\/\",\"name\":\"Peer review - Etnosfera Journal\",\"isPartOf\":{\"@id\":\"https:\/\/www.etnosfera.ro\/#website\"},\"datePublished\":\"2025-07-09T13:43:00+00:00\",\"dateModified\":\"2025-10-14T19:10:19+00:00\",\"inLanguage\":\"ro-RO\",\"potentialAction\":[{\"@type\":\"ReadAction\",\"target\":[\"https:\/\/www.etnosfera.ro\/peer-review\/\"]}]},{\"@type\":\"WebSite\",\"@id\":\"https:\/\/www.etnosfera.ro\/#website\",\"url\":\"https:\/\/www.etnosfera.ro\/\",\"name\":\"Etnosfera Journal\",\"description\":\"\",\"potentialAction\":[{\"@type\":\"SearchAction\",\"target\":{\"@type\":\"EntryPoint\",\"urlTemplate\":\"https:\/\/www.etnosfera.ro\/?s={search_term_string}\"},\"query-input\":{\"@type\":\"PropertyValueSpecification\",\"valueRequired\":true,\"valueName\":\"search_term_string\"}}],\"inLanguage\":\"ro-RO\"}]}<\/script>\n<!-- \/ Yoast SEO plugin. -->","yoast_head_json":{"title":"Peer review - Etnosfera Journal","robots":{"index":"noindex","follow":"follow","max-snippet":"max-snippet:-1","max-image-preview":"max-image-preview:large","max-video-preview":"max-video-preview:-1"},"og_locale":"ro_RO","og_type":"article","og_title":"Peer review - Etnosfera Journal","og_url":"https:\/\/www.etnosfera.ro\/ro\/peer-review\/","og_site_name":"Etnosfera Journal","article_modified_time":"2025-10-14T19:10:19+00:00","twitter_card":"summary_large_image","twitter_misc":{"Timp estimat pentru citire":"3 minute"},"schema":{"@context":"https:\/\/schema.org","@graph":[{"@type":"WebPage","@id":"https:\/\/www.etnosfera.ro\/peer-review\/","url":"https:\/\/www.etnosfera.ro\/peer-review\/","name":"Peer review - Etnosfera Journal","isPartOf":{"@id":"https:\/\/www.etnosfera.ro\/#website"},"datePublished":"2025-07-09T13:43:00+00:00","dateModified":"2025-10-14T19:10:19+00:00","inLanguage":"ro-RO","potentialAction":[{"@type":"ReadAction","target":["https:\/\/www.etnosfera.ro\/peer-review\/"]}]},{"@type":"WebSite","@id":"https:\/\/www.etnosfera.ro\/#website","url":"https:\/\/www.etnosfera.ro\/","name":"Etnosfera Journal","description":"","potentialAction":[{"@type":"SearchAction","target":{"@type":"EntryPoint","urlTemplate":"https:\/\/www.etnosfera.ro\/?s={search_term_string}"},"query-input":{"@type":"PropertyValueSpecification","valueRequired":true,"valueName":"search_term_string"}}],"inLanguage":"ro-RO"}]}},"_links":{"self":[{"href":"https:\/\/www.etnosfera.ro\/ro\/wp-json\/wp\/v2\/pages\/2757","targetHints":{"allow":["GET"]}}],"collection":[{"href":"https:\/\/www.etnosfera.ro\/ro\/wp-json\/wp\/v2\/pages"}],"about":[{"href":"https:\/\/www.etnosfera.ro\/ro\/wp-json\/wp\/v2\/types\/page"}],"author":[{"embeddable":true,"href":"https:\/\/www.etnosfera.ro\/ro\/wp-json\/wp\/v2\/users\/5"}],"replies":[{"embeddable":true,"href":"https:\/\/www.etnosfera.ro\/ro\/wp-json\/wp\/v2\/comments?post=2757"}],"version-history":[{"count":23,"href":"https:\/\/www.etnosfera.ro\/ro\/wp-json\/wp\/v2\/pages\/2757\/revisions"}],"predecessor-version":[{"id":3449,"href":"https:\/\/www.etnosfera.ro\/ro\/wp-json\/wp\/v2\/pages\/2757\/revisions\/3449"}],"wp:attachment":[{"href":"https:\/\/www.etnosfera.ro\/ro\/wp-json\/wp\/v2\/media?parent=2757"}],"curies":[{"name":"wp","href":"https:\/\/api.w.org\/{rel}","templated":true}]}}