{"id":2776,"date":"2025-07-09T14:42:03","date_gmt":"2025-07-09T14:42:03","guid":{"rendered":"https:\/\/www.staging.etnosfera.ro\/?page_id=2776"},"modified":"2025-07-09T14:43:17","modified_gmt":"2025-07-09T14:43:17","slug":"open-acces-policy","status":"publish","type":"page","link":"https:\/\/www.etnosfera.ro\/ro\/open-acces-policy\/","title":{"rendered":"Politica de acces deschis"},"content":{"rendered":"<div id=\"open-access\" class=\"fusion-container-anchor\"><div class=\"fusion-fullwidth fullwidth-box fusion-builder-row-1 fusion-flex-container has-pattern-background has-mask-background nonhundred-percent-fullwidth non-hundred-percent-height-scrolling\" style=\"--awb-border-radius-top-left:0px;--awb-border-radius-top-right:0px;--awb-border-radius-bottom-right:0px;--awb-border-radius-bottom-left:0px;--awb-flex-wrap:wrap;\" ><div class=\"fusion-builder-row fusion-row fusion-flex-align-items-flex-start fusion-flex-content-wrap\" style=\"max-width:1331.2px;margin-left: calc(-4% \/ 2 );margin-right: calc(-4% \/ 2 );\"><div class=\"fusion-layout-column fusion_builder_column fusion-builder-column-0 fusion_builder_column_1_1 1_1 fusion-flex-column\" style=\"--awb-bg-size:cover;--awb-width-large:100%;--awb-margin-top-large:0px;--awb-spacing-right-large:1.92%;--awb-margin-bottom-large:20px;--awb-spacing-left-large:1.92%;--awb-width-medium:100%;--awb-order-medium:0;--awb-spacing-right-medium:1.92%;--awb-spacing-left-medium:1.92%;--awb-width-small:100%;--awb-order-small:0;--awb-spacing-right-small:1.92%;--awb-spacing-left-small:1.92%;\"><div class=\"fusion-column-wrapper fusion-column-has-shadow fusion-flex-justify-content-flex-start fusion-content-layout-column\"><div class=\"fusion-title title fusion-title-1 fusion-sep-none fusion-title-center fusion-title-text fusion-title-size-two\" style=\"--awb-margin-bottom:40px;\"><h2 class=\"fusion-title-heading title-heading-center\" style=\"margin:0;\"><h2>POLITICA DE ACCES DESCHIS<\/h2><\/h2><\/div><div class=\"fusion-image-element\" style=\"text-align:center;--awb-margin-top-small:40px;--awb-max-width:125px;--awb-caption-title-font-family:var(--h2_typography-font-family);--awb-caption-title-font-weight:var(--h2_typography-font-weight);--awb-caption-title-font-style:var(--h2_typography-font-style);--awb-caption-title-size:var(--h2_typography-font-size);--awb-caption-title-transform:var(--h2_typography-text-transform);--awb-caption-title-line-height:var(--h2_typography-line-height);--awb-caption-title-letter-spacing:var(--h2_typography-letter-spacing);\"><span class=\"fusion-imageframe imageframe-none imageframe-1 hover-type-none\"><img decoding=\"async\" width=\"369\" height=\"15\" title=\"divider\" src=\"https:\/\/www.etnosfera.ro\/wp-content\/uploads\/2025\/04\/divider.png\" data-orig-src=\"https:\/\/www.staging.etnosfera.ro\/wp-content\/uploads\/2025\/04\/divider.png\" alt class=\"lazyload img-responsive wp-image-1922\" srcset=\"data:image\/svg+xml,%3Csvg%20xmlns%3D%27http%3A%2F%2Fwww.w3.org%2F2000%2Fsvg%27%20width%3D%27369%27%20height%3D%2715%27%20viewBox%3D%270%200%20369%2015%27%3E%3Crect%20width%3D%27369%27%20height%3D%2715%27%20fill-opacity%3D%220%22%2F%3E%3C%2Fsvg%3E\" data-srcset=\"https:\/\/www.etnosfera.ro\/wp-content\/uploads\/2025\/04\/divider-200x8.png 200w, https:\/\/www.etnosfera.ro\/wp-content\/uploads\/2025\/04\/divider.png 369w\" data-sizes=\"auto\" data-orig-sizes=\"(max-width: 820px) 100vw, 369px\" \/><\/span><\/div><ul style=\"--awb-line-height:27.2px;--awb-icon-width:27.2px;--awb-icon-height:27.2px;--awb-icon-margin:11.2px;--awb-content-margin:38.4px;--awb-circlecolor:var(--awb-color4);--awb-circle-yes-font-size:14.08px;\" class=\"fusion-checklist fusion-checklist-1 fusion-checklist-default type-icons\"><li class=\"fusion-li-item\" style=\"\"><span class=\"icon-wrapper circle-yes\"><i class=\"fusion-li-icon fa-arrow-right fas\" aria-hidden=\"true\"><\/i><\/span><div class=\"fusion-li-item-content\">\n<p style=\"text-align: justify;\">\n<span style=\"font-weight: 400;\">Revista Etnosfera ofer\u0103 acces deschis la con\u021binutul s\u0103u, pornind de la premisa c\u0103 punerea rezultatelor cercet\u0103rii la dispozi\u021bia publicului \u00een mod liber stimuleaz\u0103 schimbul de cuno\u0219tin\u021be, at\u00e2t la nivel na\u021bional, c\u00e2t \u0219i la nivel interna\u021bional. Articolele \u0219tiin\u021bifice publicate de-a lungul timpului \u00een Revista Etnosfera pot fi consultate acces\u00e2nd sec\u021biunea \u201eArhiv\u0103\u201d.<\/span><\/p>\n<\/div><\/li><li class=\"fusion-li-item\" style=\"\"><span class=\"icon-wrapper circle-yes\"><i class=\"fusion-li-icon fa-arrow-right fas\" aria-hidden=\"true\"><\/i><\/span><div class=\"fusion-li-item-content\">\n<p style=\"text-align: justify;\">\n<span style=\"font-weight: 400;\">Utilizatorilor li se permite s\u0103 citeasc\u0103, s\u0103 descarce, s\u0103 copieze, s\u0103 distribuie, s\u0103 tip\u0103reasc\u0103 sau caute \u00een textele integrale ale articolelor, sau s\u0103 le utilizeze \u00een orice alt scop legal, f\u0103r\u0103 a solicita permisiunea prealabil\u0103 a editorului sau a autorului, cu condi\u021bia s\u0103 citeze sursa.<\/span><\/p>\n<\/div><\/li><\/ul><\/div><\/div><\/div><\/div><\/div>","protected":false},"excerpt":{"rendered":"","protected":false},"author":5,"featured_media":0,"parent":0,"menu_order":0,"comment_status":"closed","ping_status":"closed","template":"100-width.php","meta":{"_acf_changed":false,"footnotes":""},"class_list":["post-2776","page","type-page","status-publish","hentry"],"acf":[],"yoast_head":"<!-- This site is optimized with the Yoast SEO plugin v25.0 - https:\/\/yoast.com\/wordpress\/plugins\/seo\/ -->\n<title>Open-acces policy - Etnosfera Journal<\/title>\n<meta name=\"robots\" content=\"noindex, follow, max-snippet:-1, max-image-preview:large, max-video-preview:-1\" \/>\n<meta property=\"og:locale\" content=\"ro_RO\" \/>\n<meta property=\"og:type\" content=\"article\" \/>\n<meta property=\"og:title\" content=\"Open-acces policy - Etnosfera Journal\" \/>\n<meta property=\"og:url\" content=\"https:\/\/www.etnosfera.ro\/ro\/open-acces-policy\/\" \/>\n<meta property=\"og:site_name\" content=\"Etnosfera Journal\" \/>\n<meta property=\"article:modified_time\" content=\"2025-07-09T14:43:17+00:00\" \/>\n<meta name=\"twitter:card\" content=\"summary_large_image\" \/>\n<meta name=\"twitter:label1\" content=\"Timp estimat pentru citire\" \/>\n\t<meta name=\"twitter:data1\" content=\"1 minut\" \/>\n<script type=\"application\/ld+json\" class=\"yoast-schema-graph\">{\"@context\":\"https:\/\/schema.org\",\"@graph\":[{\"@type\":\"WebPage\",\"@id\":\"https:\/\/www.etnosfera.ro\/open-acces-policy\/\",\"url\":\"https:\/\/www.etnosfera.ro\/open-acces-policy\/\",\"name\":\"Open-acces policy - Etnosfera Journal\",\"isPartOf\":{\"@id\":\"https:\/\/www.etnosfera.ro\/#website\"},\"datePublished\":\"2025-07-09T14:42:03+00:00\",\"dateModified\":\"2025-07-09T14:43:17+00:00\",\"inLanguage\":\"ro-RO\",\"potentialAction\":[{\"@type\":\"ReadAction\",\"target\":[\"https:\/\/www.etnosfera.ro\/open-acces-policy\/\"]}]},{\"@type\":\"WebSite\",\"@id\":\"https:\/\/www.etnosfera.ro\/#website\",\"url\":\"https:\/\/www.etnosfera.ro\/\",\"name\":\"Etnosfera Journal\",\"description\":\"\",\"potentialAction\":[{\"@type\":\"SearchAction\",\"target\":{\"@type\":\"EntryPoint\",\"urlTemplate\":\"https:\/\/www.etnosfera.ro\/?s={search_term_string}\"},\"query-input\":{\"@type\":\"PropertyValueSpecification\",\"valueRequired\":true,\"valueName\":\"search_term_string\"}}],\"inLanguage\":\"ro-RO\"}]}<\/script>\n<!-- \/ Yoast SEO plugin. -->","yoast_head_json":{"title":"Open-acces policy - Etnosfera Journal","robots":{"index":"noindex","follow":"follow","max-snippet":"max-snippet:-1","max-image-preview":"max-image-preview:large","max-video-preview":"max-video-preview:-1"},"og_locale":"ro_RO","og_type":"article","og_title":"Open-acces policy - Etnosfera Journal","og_url":"https:\/\/www.etnosfera.ro\/ro\/open-acces-policy\/","og_site_name":"Etnosfera Journal","article_modified_time":"2025-07-09T14:43:17+00:00","twitter_card":"summary_large_image","twitter_misc":{"Timp estimat pentru citire":"1 minut"},"schema":{"@context":"https:\/\/schema.org","@graph":[{"@type":"WebPage","@id":"https:\/\/www.etnosfera.ro\/open-acces-policy\/","url":"https:\/\/www.etnosfera.ro\/open-acces-policy\/","name":"Open-acces policy - Etnosfera Journal","isPartOf":{"@id":"https:\/\/www.etnosfera.ro\/#website"},"datePublished":"2025-07-09T14:42:03+00:00","dateModified":"2025-07-09T14:43:17+00:00","inLanguage":"ro-RO","potentialAction":[{"@type":"ReadAction","target":["https:\/\/www.etnosfera.ro\/open-acces-policy\/"]}]},{"@type":"WebSite","@id":"https:\/\/www.etnosfera.ro\/#website","url":"https:\/\/www.etnosfera.ro\/","name":"Etnosfera Journal","description":"","potentialAction":[{"@type":"SearchAction","target":{"@type":"EntryPoint","urlTemplate":"https:\/\/www.etnosfera.ro\/?s={search_term_string}"},"query-input":{"@type":"PropertyValueSpecification","valueRequired":true,"valueName":"search_term_string"}}],"inLanguage":"ro-RO"}]}},"_links":{"self":[{"href":"https:\/\/www.etnosfera.ro\/ro\/wp-json\/wp\/v2\/pages\/2776","targetHints":{"allow":["GET"]}}],"collection":[{"href":"https:\/\/www.etnosfera.ro\/ro\/wp-json\/wp\/v2\/pages"}],"about":[{"href":"https:\/\/www.etnosfera.ro\/ro\/wp-json\/wp\/v2\/types\/page"}],"author":[{"embeddable":true,"href":"https:\/\/www.etnosfera.ro\/ro\/wp-json\/wp\/v2\/users\/5"}],"replies":[{"embeddable":true,"href":"https:\/\/www.etnosfera.ro\/ro\/wp-json\/wp\/v2\/comments?post=2776"}],"version-history":[{"count":3,"href":"https:\/\/www.etnosfera.ro\/ro\/wp-json\/wp\/v2\/pages\/2776\/revisions"}],"predecessor-version":[{"id":2779,"href":"https:\/\/www.etnosfera.ro\/ro\/wp-json\/wp\/v2\/pages\/2776\/revisions\/2779"}],"wp:attachment":[{"href":"https:\/\/www.etnosfera.ro\/ro\/wp-json\/wp\/v2\/media?parent=2776"}],"curies":[{"name":"wp","href":"https:\/\/api.w.org\/{rel}","templated":true}]}}