{"id":2781,"date":"2025-07-09T14:47:47","date_gmt":"2025-07-09T14:47:47","guid":{"rendered":"https:\/\/www.staging.etnosfera.ro\/?page_id=2781"},"modified":"2025-07-09T14:48:23","modified_gmt":"2025-07-09T14:48:23","slug":"copyright-and-licensing","status":"publish","type":"page","link":"https:\/\/www.etnosfera.ro\/ro\/copyright-and-licensing\/","title":{"rendered":"Drepturile de autor \u0219i licen\u021bierea"},"content":{"rendered":"<div id=\"copyright\" class=\"fusion-container-anchor\"><div class=\"fusion-fullwidth fullwidth-box fusion-builder-row-1 fusion-flex-container has-pattern-background has-mask-background nonhundred-percent-fullwidth non-hundred-percent-height-scrolling\" style=\"--awb-border-radius-top-left:0px;--awb-border-radius-top-right:0px;--awb-border-radius-bottom-right:0px;--awb-border-radius-bottom-left:0px;--awb-flex-wrap:wrap;\" ><div class=\"fusion-builder-row fusion-row fusion-flex-align-items-flex-start fusion-flex-content-wrap\" style=\"max-width:1331.2px;margin-left: calc(-4% \/ 2 );margin-right: calc(-4% \/ 2 );\"><div class=\"fusion-layout-column fusion_builder_column fusion-builder-column-0 fusion_builder_column_1_1 1_1 fusion-flex-column\" style=\"--awb-bg-size:cover;--awb-width-large:100%;--awb-margin-top-large:0px;--awb-spacing-right-large:1.92%;--awb-margin-bottom-large:20px;--awb-spacing-left-large:1.92%;--awb-width-medium:100%;--awb-order-medium:0;--awb-spacing-right-medium:1.92%;--awb-spacing-left-medium:1.92%;--awb-width-small:100%;--awb-order-small:0;--awb-spacing-right-small:1.92%;--awb-spacing-left-small:1.92%;\"><div class=\"fusion-column-wrapper fusion-column-has-shadow fusion-flex-justify-content-flex-start fusion-content-layout-column\"><div class=\"fusion-title title fusion-title-1 fusion-sep-none fusion-title-center fusion-title-text fusion-title-size-two\" style=\"--awb-margin-bottom:40px;\"><h2 class=\"fusion-title-heading title-heading-center\" style=\"margin:0;\"><h2>DREPTURILE DE AUTOR \u0218I LICEN\u021aIEREA<\/h2><\/h2><\/div><div class=\"fusion-image-element\" style=\"text-align:center;--awb-margin-top-small:40px;--awb-max-width:125px;--awb-caption-title-font-family:var(--h2_typography-font-family);--awb-caption-title-font-weight:var(--h2_typography-font-weight);--awb-caption-title-font-style:var(--h2_typography-font-style);--awb-caption-title-size:var(--h2_typography-font-size);--awb-caption-title-transform:var(--h2_typography-text-transform);--awb-caption-title-line-height:var(--h2_typography-line-height);--awb-caption-title-letter-spacing:var(--h2_typography-letter-spacing);\"><span class=\"fusion-imageframe imageframe-none imageframe-1 hover-type-none\"><img decoding=\"async\" width=\"369\" height=\"15\" title=\"divider\" src=\"https:\/\/www.etnosfera.ro\/wp-content\/uploads\/2025\/04\/divider.png\" data-orig-src=\"https:\/\/www.staging.etnosfera.ro\/wp-content\/uploads\/2025\/04\/divider.png\" alt class=\"lazyload img-responsive wp-image-1922\" srcset=\"data:image\/svg+xml,%3Csvg%20xmlns%3D%27http%3A%2F%2Fwww.w3.org%2F2000%2Fsvg%27%20width%3D%27369%27%20height%3D%2715%27%20viewBox%3D%270%200%20369%2015%27%3E%3Crect%20width%3D%27369%27%20height%3D%2715%27%20fill-opacity%3D%220%22%2F%3E%3C%2Fsvg%3E\" data-srcset=\"https:\/\/www.etnosfera.ro\/wp-content\/uploads\/2025\/04\/divider-200x8.png 200w, https:\/\/www.etnosfera.ro\/wp-content\/uploads\/2025\/04\/divider.png 369w\" data-sizes=\"auto\" data-orig-sizes=\"(max-width: 820px) 100vw, 369px\" \/><\/span><\/div><div class=\"fusion-text fusion-text-1\"><p style=\"text-align: justify;\"><span style=\"font-weight: 400;\">Revista Etnosfera func\u021bioneaz\u0103 sub licen\u021ba Creative Commons CC BY NC. Aceasta permite reproducerea articolelor, \u00een mod gratuit, numai pentru uz necomercial \u0219i cu informa\u021biile de citare corespunz\u0103toare. To\u021bi autorii care public\u0103 la noi accept\u0103 aceste condi\u021bii de publicare. Astfel, titularul drepturilor de autor ale unei lucr\u0103ri academice acord\u0103 drepturi de utilizare altor persoane prin intermediul unei licen\u021be deschise (Creative Commons sau echivalent\u0103) care permite accesul gratuit imediat la lucrare \u0219i permite oric\u0103rui utilizator s\u0103 citeasc\u0103, s\u0103 descarce, s\u0103 copieze, s\u0103 distribuie, s\u0103 tip\u0103reasc\u0103, s\u0103 caute sau \u00een textele integrale ale articolelor, s\u0103 le urm\u0103reasc\u0103 pentru indexare, s\u0103 le transmit\u0103 ca date c\u0103tre software sau s\u0103 le utilizeze \u00een orice alt scop legal.<\/span><\/p>\n<\/div><div class=\"fusion-text fusion-text-2\"><p style=\"text-align: justify;\"><span style=\"font-weight: 400;\">Autorii p\u0103streaz\u0103 drepturile de autor \u0219i toate drepturile de publicare f\u0103r\u0103 restric\u021bii.<\/span><\/p>\n<\/div><div class=\"fusion-text fusion-text-3\"><p style=\"text-align: left;\"><span style=\"font-weight: 400;\">Autorii \u00ee\u0219i asum\u0103 \u00een totalitate con\u021binutul articolului, iar perspectiva utilizat\u0103 nu reprezint\u0103 pozi\u021bia oficial\u0103 a revistei \u0219i\/sau a redac\u021biei.<\/span><\/p>\n<\/div><\/div><\/div><\/div><\/div><\/div>","protected":false},"excerpt":{"rendered":"","protected":false},"author":5,"featured_media":0,"parent":0,"menu_order":0,"comment_status":"closed","ping_status":"closed","template":"100-width.php","meta":{"_acf_changed":false,"footnotes":""},"class_list":["post-2781","page","type-page","status-publish","hentry"],"acf":[],"yoast_head":"<!-- This site is optimized with the Yoast SEO plugin v25.0 - https:\/\/yoast.com\/wordpress\/plugins\/seo\/ -->\n<title>Copyright and licensing - Etnosfera Journal<\/title>\n<meta name=\"robots\" content=\"noindex, follow, max-snippet:-1, max-image-preview:large, max-video-preview:-1\" \/>\n<meta property=\"og:locale\" content=\"ro_RO\" \/>\n<meta property=\"og:type\" content=\"article\" \/>\n<meta property=\"og:title\" content=\"Copyright and licensing - Etnosfera Journal\" \/>\n<meta property=\"og:url\" content=\"https:\/\/www.etnosfera.ro\/ro\/copyright-and-licensing\/\" \/>\n<meta property=\"og:site_name\" content=\"Etnosfera Journal\" \/>\n<meta property=\"article:modified_time\" content=\"2025-07-09T14:48:23+00:00\" \/>\n<meta name=\"twitter:card\" content=\"summary_large_image\" \/>\n<meta name=\"twitter:label1\" content=\"Timp estimat pentru citire\" \/>\n\t<meta name=\"twitter:data1\" content=\"1 minut\" \/>\n<script type=\"application\/ld+json\" class=\"yoast-schema-graph\">{\"@context\":\"https:\/\/schema.org\",\"@graph\":[{\"@type\":\"WebPage\",\"@id\":\"https:\/\/www.etnosfera.ro\/copyright-and-licensing\/\",\"url\":\"https:\/\/www.etnosfera.ro\/copyright-and-licensing\/\",\"name\":\"Copyright and licensing - Etnosfera Journal\",\"isPartOf\":{\"@id\":\"https:\/\/www.etnosfera.ro\/#website\"},\"datePublished\":\"2025-07-09T14:47:47+00:00\",\"dateModified\":\"2025-07-09T14:48:23+00:00\",\"inLanguage\":\"ro-RO\",\"potentialAction\":[{\"@type\":\"ReadAction\",\"target\":[\"https:\/\/www.etnosfera.ro\/copyright-and-licensing\/\"]}]},{\"@type\":\"WebSite\",\"@id\":\"https:\/\/www.etnosfera.ro\/#website\",\"url\":\"https:\/\/www.etnosfera.ro\/\",\"name\":\"Etnosfera Journal\",\"description\":\"\",\"potentialAction\":[{\"@type\":\"SearchAction\",\"target\":{\"@type\":\"EntryPoint\",\"urlTemplate\":\"https:\/\/www.etnosfera.ro\/?s={search_term_string}\"},\"query-input\":{\"@type\":\"PropertyValueSpecification\",\"valueRequired\":true,\"valueName\":\"search_term_string\"}}],\"inLanguage\":\"ro-RO\"}]}<\/script>\n<!-- \/ Yoast SEO plugin. -->","yoast_head_json":{"title":"Copyright and licensing - Etnosfera Journal","robots":{"index":"noindex","follow":"follow","max-snippet":"max-snippet:-1","max-image-preview":"max-image-preview:large","max-video-preview":"max-video-preview:-1"},"og_locale":"ro_RO","og_type":"article","og_title":"Copyright and licensing - Etnosfera Journal","og_url":"https:\/\/www.etnosfera.ro\/ro\/copyright-and-licensing\/","og_site_name":"Etnosfera Journal","article_modified_time":"2025-07-09T14:48:23+00:00","twitter_card":"summary_large_image","twitter_misc":{"Timp estimat pentru citire":"1 minut"},"schema":{"@context":"https:\/\/schema.org","@graph":[{"@type":"WebPage","@id":"https:\/\/www.etnosfera.ro\/copyright-and-licensing\/","url":"https:\/\/www.etnosfera.ro\/copyright-and-licensing\/","name":"Copyright and licensing - Etnosfera Journal","isPartOf":{"@id":"https:\/\/www.etnosfera.ro\/#website"},"datePublished":"2025-07-09T14:47:47+00:00","dateModified":"2025-07-09T14:48:23+00:00","inLanguage":"ro-RO","potentialAction":[{"@type":"ReadAction","target":["https:\/\/www.etnosfera.ro\/copyright-and-licensing\/"]}]},{"@type":"WebSite","@id":"https:\/\/www.etnosfera.ro\/#website","url":"https:\/\/www.etnosfera.ro\/","name":"Etnosfera Journal","description":"","potentialAction":[{"@type":"SearchAction","target":{"@type":"EntryPoint","urlTemplate":"https:\/\/www.etnosfera.ro\/?s={search_term_string}"},"query-input":{"@type":"PropertyValueSpecification","valueRequired":true,"valueName":"search_term_string"}}],"inLanguage":"ro-RO"}]}},"_links":{"self":[{"href":"https:\/\/www.etnosfera.ro\/ro\/wp-json\/wp\/v2\/pages\/2781","targetHints":{"allow":["GET"]}}],"collection":[{"href":"https:\/\/www.etnosfera.ro\/ro\/wp-json\/wp\/v2\/pages"}],"about":[{"href":"https:\/\/www.etnosfera.ro\/ro\/wp-json\/wp\/v2\/types\/page"}],"author":[{"embeddable":true,"href":"https:\/\/www.etnosfera.ro\/ro\/wp-json\/wp\/v2\/users\/5"}],"replies":[{"embeddable":true,"href":"https:\/\/www.etnosfera.ro\/ro\/wp-json\/wp\/v2\/comments?post=2781"}],"version-history":[{"count":2,"href":"https:\/\/www.etnosfera.ro\/ro\/wp-json\/wp\/v2\/pages\/2781\/revisions"}],"predecessor-version":[{"id":2783,"href":"https:\/\/www.etnosfera.ro\/ro\/wp-json\/wp\/v2\/pages\/2781\/revisions\/2783"}],"wp:attachment":[{"href":"https:\/\/www.etnosfera.ro\/ro\/wp-json\/wp\/v2\/media?parent=2781"}],"curies":[{"name":"wp","href":"https:\/\/api.w.org\/{rel}","templated":true}]}}