{"id":955,"date":"2019-09-20T19:15:58","date_gmt":"2019-09-20T19:15:58","guid":{"rendered":"https:\/\/www.etnosfera.ro\/?page_id=955"},"modified":"2019-09-24T19:41:48","modified_gmt":"2019-09-24T19:41:48","slug":"colegiul-de-redactie","status":"publish","type":"page","link":"https:\/\/www.etnosfera.ro\/ro\/colegiul-de-redactie\/","title":{"rendered":"Colegiul de redactie"},"content":{"rendered":"<p><div class=\"fusion-fullwidth fullwidth-box fusion-builder-row-1 fusion-flex-container nonhundred-percent-fullwidth non-hundred-percent-height-scrolling\" style=\"--awb-border-radius-top-left:0px;--awb-border-radius-top-right:0px;--awb-border-radius-bottom-right:0px;--awb-border-radius-bottom-left:0px;--awb-padding-top:100px;--awb-padding-bottom:105px;--awb-background-color:#f5f5f5;--awb-flex-wrap:wrap;\" ><div class=\"fusion-builder-row fusion-row fusion-flex-align-items-flex-start fusion-flex-content-wrap\" style=\"max-width:1331.2px;margin-left: calc(-4% \/ 2 );margin-right: calc(-4% \/ 2 );\"><div class=\"fusion-layout-column fusion_builder_column fusion-builder-column-0 fusion_builder_column_1_6 1_6 fusion-flex-column\" style=\"--awb-bg-size:cover;--awb-width-large:16.666666666667%;--awb-margin-top-large:0px;--awb-spacing-right-large:11.52%;--awb-margin-bottom-large:20px;--awb-spacing-left-large:11.52%;--awb-width-medium:16.666666666667%;--awb-spacing-right-medium:11.52%;--awb-spacing-left-medium:11.52%;--awb-width-small:100%;--awb-spacing-right-small:1.92%;--awb-spacing-left-small:1.92%;\"><div class=\"fusion-column-wrapper fusion-flex-justify-content-flex-start fusion-content-layout-column\"><\/div><\/div><div class=\"fusion-layout-column fusion_builder_column fusion-builder-column-1 fusion_builder_column_2_3 2_3 fusion-flex-column\" style=\"--awb-bg-size:cover;--awb-width-large:66.666666666667%;--awb-margin-top-large:0px;--awb-spacing-right-large:2.88%;--awb-margin-bottom-large:20px;--awb-spacing-left-large:2.88%;--awb-width-medium:66.666666666667%;--awb-spacing-right-medium:2.88%;--awb-spacing-left-medium:2.88%;--awb-width-small:100%;--awb-spacing-right-small:1.92%;--awb-spacing-left-small:1.92%;\"><div class=\"fusion-column-wrapper fusion-flex-justify-content-flex-start fusion-content-layout-column\"><div class=\"fusion-text fusion-text-1\"><h2 style=\"text-align: center;\">Colegiu de redac\u021bie<\/h2>\n<\/div><div class=\"fusion-separator\" style=\"align-self: center;margin-left: auto;margin-right: auto;margin-bottom:30px;width:100%;max-width:100px;\"><div class=\"fusion-separator-border sep-single sep-solid\" style=\"--awb-height:20px;--awb-amount:20px;--awb-sep-color:#25afb4;border-color:#25afb4;border-top-width:2px;\"><\/div><\/div><div class=\"fusion-text fusion-text-2\"><p style=\"text-align: center;\"><b>Director: <\/b><\/p>\n<\/div><div class=\"fusion-text fusion-text-3\"><h4 style=\"text-align: center;\">Dr. Radu Baltasiu<br \/>\n(Universitatea din Bucuresti)<\/h4>\n<\/div><div class=\"fusion-separator fusion-full-width-sep\" style=\"align-self: center;margin-left: auto;margin-right: auto;margin-top:50px;width:100%;\"><\/div><\/div><\/div><div class=\"fusion-layout-column fusion_builder_column fusion-builder-column-2 fusion_builder_column_1_6 1_6 fusion-flex-column\" style=\"--awb-bg-size:cover;--awb-width-large:16.666666666667%;--awb-margin-top-large:0px;--awb-spacing-right-large:11.52%;--awb-margin-bottom-large:20px;--awb-spacing-left-large:11.52%;--awb-width-medium:16.666666666667%;--awb-spacing-right-medium:11.52%;--awb-spacing-left-medium:11.52%;--awb-width-small:100%;--awb-spacing-right-small:1.92%;--awb-spacing-left-small:1.92%;\"><div class=\"fusion-column-wrapper fusion-flex-justify-content-flex-start fusion-content-layout-column\"><\/div><\/div><div class=\"fusion-layout-column fusion_builder_column fusion-builder-column-3 fusion_builder_column_1_3 1_3 fusion-flex-column\" style=\"--awb-bg-size:cover;--awb-width-large:33.333333333333%;--awb-margin-top-large:0px;--awb-spacing-right-large:5.76%;--awb-margin-bottom-large:20px;--awb-spacing-left-large:5.76%;--awb-width-medium:33.333333333333%;--awb-spacing-right-medium:5.76%;--awb-spacing-left-medium:5.76%;--awb-width-small:100%;--awb-spacing-right-small:1.92%;--awb-spacing-left-small:1.92%;\"><div class=\"fusion-column-wrapper fusion-column-has-shadow fusion-flex-justify-content-flex-start fusion-content-layout-column\"><div class=\"fusion-text fusion-text-4\"><p style=\"text-align: center;\"><b>Editor sef: <\/b><\/p>\n<\/div><div class=\"fusion-text fusion-text-5\"><h4 style=\"text-align: center;\">Dr. Ovidiana Bulumac<\/h4>\n<h4 style=\"text-align: center;\">(Centrul European de Studii in Probleme Etnice)<\/h4>\n<\/div><\/div><\/div><div class=\"fusion-layout-column fusion_builder_column fusion-builder-column-4 fusion_builder_column_1_3 1_3 fusion-flex-column\" style=\"--awb-bg-size:cover;--awb-width-large:33.333333333333%;--awb-margin-top-large:0px;--awb-spacing-right-large:5.76%;--awb-margin-bottom-large:20px;--awb-spacing-left-large:5.76%;--awb-width-medium:33.333333333333%;--awb-spacing-right-medium:5.76%;--awb-spacing-left-medium:5.76%;--awb-width-small:100%;--awb-spacing-right-small:1.92%;--awb-spacing-left-small:1.92%;\"><div class=\"fusion-column-wrapper fusion-column-has-shadow fusion-flex-justify-content-flex-start fusion-content-layout-column\"><div class=\"fusion-text fusion-text-6\"><p style=\"text-align: center;\"><b>Secretar de redac\u021bie:<\/b><\/p>\n<\/div><div class=\"fusion-text fusion-text-7\"><h4 style=\"text-align: center;\">Drd. Augustin Poenaru<\/h4>\n<h4 style=\"text-align: center;\">(Centrul European de Studii in Probleme Etnice)<\/h4>\n<\/div><\/div><\/div><div class=\"fusion-layout-column fusion_builder_column fusion-builder-column-5 fusion_builder_column_1_3 1_3 fusion-flex-column\" style=\"--awb-bg-size:cover;--awb-width-large:33.333333333333%;--awb-margin-top-large:0px;--awb-spacing-right-large:5.76%;--awb-margin-bottom-large:20px;--awb-spacing-left-large:5.76%;--awb-width-medium:33.333333333333%;--awb-spacing-right-medium:5.76%;--awb-spacing-left-medium:5.76%;--awb-width-small:100%;--awb-spacing-right-small:1.92%;--awb-spacing-left-small:1.92%;\"><div class=\"fusion-column-wrapper fusion-column-has-shadow fusion-flex-justify-content-flex-start fusion-content-layout-column\"><div class=\"fusion-text fusion-text-8\"><p style=\"text-align: center;\">\u00a0<b>Editorial assistant:<\/b><\/p>\n<\/div><div class=\"fusion-text fusion-text-9\"><h4 style=\"text-align: center;\">Vlad Ovidiu Cioaca<\/h4>\n<h4 style=\"text-align: center;\">(Universitatea din Craiova)<\/h4>\n<\/div><\/div><\/div><\/div><\/div><div class=\"fusion-fullwidth fullwidth-box fusion-builder-row-2 fusion-flex-container nonhundred-percent-fullwidth non-hundred-percent-height-scrolling\" style=\"--awb-border-radius-top-left:0px;--awb-border-radius-top-right:0px;--awb-border-radius-bottom-right:0px;--awb-border-radius-bottom-left:0px;--awb-padding-top:100px;--awb-padding-bottom:105px;--awb-background-color:#f5f5f5;--awb-flex-wrap:wrap;\" ><div class=\"fusion-builder-row fusion-row fusion-flex-align-items-flex-start fusion-flex-content-wrap\" style=\"max-width:1331.2px;margin-left: calc(-4% \/ 2 );margin-right: calc(-4% \/ 2 );\"><div class=\"fusion-layout-column fusion_builder_column fusion-builder-column-6 fusion_builder_column_1_6 1_6 fusion-flex-column\" style=\"--awb-bg-size:cover;--awb-width-large:16.666666666667%;--awb-margin-top-large:0px;--awb-spacing-right-large:3.84%;--awb-margin-bottom-large:20px;--awb-spacing-left-large:11.52%;--awb-width-medium:16.666666666667%;--awb-spacing-right-medium:3.84%;--awb-spacing-left-medium:11.52%;--awb-width-small:100%;--awb-spacing-right-small:1.92%;--awb-spacing-left-small:1.92%;\"><div class=\"fusion-column-wrapper fusion-flex-justify-content-flex-start fusion-content-layout-column\"><\/div><\/div><div class=\"fusion-layout-column fusion_builder_column fusion-builder-column-7 fusion_builder_column_2_3 2_3 fusion-flex-column\" style=\"--awb-bg-size:cover;--awb-width-large:66.666666666667%;--awb-margin-top-large:0px;--awb-spacing-right-large:2.88%;--awb-margin-bottom-large:20px;--awb-spacing-left-large:3.84%;--awb-width-medium:66.666666666667%;--awb-spacing-right-medium:2.88%;--awb-spacing-left-medium:3.84%;--awb-width-small:100%;--awb-spacing-right-small:1.92%;--awb-spacing-left-small:1.92%;\"><div class=\"fusion-column-wrapper fusion-flex-justify-content-flex-start fusion-content-layout-column\"><div class=\"fusion-text fusion-text-10\"><h2 style=\"text-align: center;\"><b>Colegiu de redac\u021bie interna\u021bional<br \/>\n<\/b><\/h2>\n<\/div><div class=\"fusion-separator\" style=\"align-self: center;margin-left: auto;margin-right: auto;margin-bottom:30px;width:100%;max-width:100px;\"><div class=\"fusion-separator-border sep-single sep-solid\" style=\"--awb-height:20px;--awb-amount:20px;--awb-sep-color:#25afb4;border-color:#25afb4;border-top-width:2px;\"><\/div><\/div><div class=\"fusion-text fusion-text-11\"><h4 style=\"text-align: center;\">Acad. Alexandru Surdu<\/h4>\n<p class=\"western\" lang=\"ro-RO\" align=\"center\"><span style=\"color: #999999;\">(Director, Institutul de Filosofie \u0219i Psihologie \u201eConstantin Radulescu-Motru\u201d, Academia Rom\u00e2n\u0103, Rom\u00e2nia)<\/span><\/p>\n<p class=\"western\" lang=\"ro-RO\" align=\"center\"><span style=\"color: #a9a9a9;\">\u00a0<\/span><\/p>\n<p style=\"text-align: center;\"><span style=\"color: #808080;\">\u00a0<\/span><\/p>\n<h4 style=\"text-align: center;\"><\/h4>\n<\/div><div class=\"fusion-separator\" style=\"align-self: center;margin-left: auto;margin-right: auto;margin-bottom:30px;width:100%;max-width:100px;\"><div class=\"fusion-separator-border sep-single sep-solid\" style=\"--awb-height:20px;--awb-amount:20px;--awb-sep-color:#25afb4;border-color:#25afb4;border-top-width:2px;\"><\/div><\/div><div class=\"fusion-text fusion-text-12\"><h4 style=\"text-align: center;\">Prof. dr. Ilie Badescu<\/h4>\n<p class=\"western\" lang=\"ro-RO\" align=\"center\"><span style=\"color: #999999;\">(Director, Institutul de Sociologie, Academia Rom\u00e2n\u0103, Rom\u00e2nia)<\/span><\/p>\n<p class=\"western\" lang=\"ro-RO\" align=\"center\"><span style=\"color: #a9a9a9;\">\u00a0<\/span><\/p>\n<p style=\"text-align: center;\"><span style=\"color: #808080;\">\u00a0<\/span><\/p>\n<h4 style=\"text-align: center;\"><\/h4>\n<\/div><div class=\"fusion-separator\" style=\"align-self: center;margin-left: auto;margin-right: auto;margin-bottom:30px;width:100%;max-width:100px;\"><div class=\"fusion-separator-border sep-single sep-solid\" style=\"--awb-height:20px;--awb-amount:20px;--awb-sep-color:#25afb4;border-color:#25afb4;border-top-width:2px;\"><\/div><\/div><div class=\"fusion-text fusion-text-13\"><h4 style=\"text-align: center;\">Prof. dr. Manuela Boatca<\/h4>\n<p lang=\"ro-RO\" style=\"text-align: center;\"><span style=\"color: #999999;\">Institutului de Sociologie \u201dAlbert-Ludwigs\u201d, Programul Studii Globale, Universitatea din Freiburg, Germania<\/span><\/p>\n<h4 style=\"text-align: center;\"><\/h4>\n<\/div><div class=\"fusion-separator\" style=\"align-self: center;margin-left: auto;margin-right: auto;margin-bottom:30px;width:100%;max-width:100px;\"><div class=\"fusion-separator-border sep-single sep-solid\" style=\"--awb-height:20px;--awb-amount:20px;--awb-sep-color:#25afb4;border-color:#25afb4;border-top-width:2px;\"><\/div><\/div><div class=\"fusion-text fusion-text-14\"><h4 style=\"text-align: center;\">Conf.\u00a0Dr. Martina Topic, FHEA<\/h4>\n<p lang=\"ro-RO\" style=\"text-align: center;\"><span style=\"color: #999999;\">(Lector principal \u00een rela\u021bii publice, Universitatea \u201dLeeds Beckett\u201d, Marea Britanie)<\/span><\/p>\n<p lang=\"ro-RO\" style=\"text-align: center;\"><span style=\"font-family: Courier New, serif;\"><span style=\"font-size: small;\"><span style=\"color: #222222;\"><span style=\"font-family: Times New Roman, serif;\"><span style=\"font-size: medium;\">\u00a0<\/span><\/span><\/span><\/span><\/span><\/p>\n<h4 style=\"text-align: center;\"><\/h4>\n<\/div><div class=\"fusion-separator\" style=\"align-self: center;margin-left: auto;margin-right: auto;margin-bottom:30px;width:100%;max-width:100px;\"><div class=\"fusion-separator-border sep-single sep-solid\" style=\"--awb-height:20px;--awb-amount:20px;--awb-sep-color:#25afb4;border-color:#25afb4;border-top-width:2px;\"><\/div><\/div><div class=\"fusion-text fusion-text-15\"><h4 style=\"text-align: center;\">Conf. dr. Cristi Pantelimon<\/h4>\n<p class=\"western\" lang=\"ro-RO\" style=\"text-align: center;\"><span style=\"color: #999999;\">(Institutul de \u0218tiin\u021be Politice \u0219i Rela\u021bii Interna\u021bionale\u201eIon I. C. Br\u0103tianu\u201d, Academia Rom\u00e2n\u0103, Rom\u00e2nia)<\/span><\/p>\n<h4 style=\"text-align: center;\"><\/h4>\n<\/div><div class=\"fusion-separator\" style=\"align-self: center;margin-left: auto;margin-right: auto;margin-bottom:30px;width:100%;max-width:100px;\"><div class=\"fusion-separator-border sep-single sep-solid\" style=\"--awb-height:20px;--awb-amount:20px;--awb-sep-color:#25afb4;border-color:#25afb4;border-top-width:2px;\"><\/div><\/div><div class=\"fusion-text fusion-text-16\"><h4 style=\"text-align: center;\">Lect. dr. Corina Bistriceanu-Pantelimon<\/h4>\n<p style=\"text-align: center;\"><span style=\"color: #999999;\">(Faculty of\u00a0Psychology and Education Science, \u201eSpiru\u00a0 Haret\u201d University, Romania)<\/span><\/p>\n<h4 style=\"text-align: center;\"><\/h4>\n<\/div><div class=\"fusion-separator\" style=\"align-self: center;margin-left: auto;margin-right: auto;margin-bottom:30px;width:100%;max-width:100px;\"><div class=\"fusion-separator-border sep-single sep-solid\" style=\"--awb-height:20px;--awb-amount:20px;--awb-sep-color:#25afb4;border-color:#25afb4;border-top-width:2px;\"><\/div><\/div><div class=\"fusion-text fusion-text-17\"><h4 style=\"text-align: center;\">Lect. dr. Marius Pascanu<\/h4>\n<p class=\"western\" lang=\"ro-RO\" style=\"text-align: center;\"><span style=\"color: #a9a9a9;\">(Facultatea de \u0218tiin\u021be \u0219i Litere, Universitatea de Medicin\u0103 \u0219i Farmacie, Romania)<\/span><\/p>\n<h4 style=\"text-align: center;\"><\/h4>\n<\/div><div class=\"fusion-separator\" style=\"align-self: center;margin-left: auto;margin-right: auto;margin-bottom:30px;width:100%;max-width:100px;\"><div class=\"fusion-separator-border sep-single sep-solid\" style=\"--awb-height:20px;--awb-amount:20px;--awb-sep-color:#25afb4;border-color:#25afb4;border-top-width:2px;\"><\/div><\/div><div class=\"fusion-text fusion-text-18\"><h4 style=\"text-align: center;\">Dr. Emil \u021a\u00eercomnicu<\/h4>\n<p class=\"western\" lang=\"ro-RO\" style=\"text-align: center;\"><span style=\"color: #999999;\">(Institutul de Etnografie \u0219i Folclor \u201eConstantin Brailoiu\u201d, Academia Rom\u00e2n\u0103, Rom\u00e2nia)<\/span><\/p>\n<\/div><div class=\"fusion-separator\" style=\"align-self: center;margin-left: auto;margin-right: auto;margin-bottom:30px;width:100%;max-width:100px;\"><div class=\"fusion-separator-border sep-single sep-solid\" style=\"--awb-height:20px;--awb-amount:20px;--awb-sep-color:#25afb4;border-color:#25afb4;border-top-width:2px;\"><\/div><\/div><div class=\"fusion-text fusion-text-19\"><h4 style=\"text-align: center;\">Dr. Dorin Lozovanu<\/h4>\n<p class=\"western\" lang=\"ro-RO\" style=\"text-align: center;\"><span style=\"color: #999999;\">(Institutul de Ecologie \u0219i Geografie, Universitatea Academiei de \u0218tiin\u021be a Moldovei, Republica Moldova)<\/span><\/p>\n<p class=\"western\" lang=\"ro-RO\"><span style=\"color: #222222;\">\u00a0<\/span><\/p>\n<\/div><div class=\"fusion-separator fusion-full-width-sep\" style=\"align-self: center;margin-left: auto;margin-right: auto;margin-top:50px;width:100%;\"><\/div><\/div><\/div><div class=\"fusion-layout-column fusion_builder_column fusion-builder-column-8 fusion_builder_column_1_2 1_2 fusion-flex-column\" style=\"--awb-bg-size:cover;--awb-width-large:50%;--awb-margin-top-large:0px;--awb-spacing-right-large:3.84%;--awb-margin-bottom-large:20px;--awb-spacing-left-large:3.84%;--awb-width-medium:50%;--awb-spacing-right-medium:3.84%;--awb-spacing-left-medium:3.84%;--awb-width-small:100%;--awb-spacing-right-small:1.92%;--awb-spacing-left-small:1.92%;\"><div class=\"fusion-column-wrapper fusion-column-has-shadow fusion-flex-justify-content-flex-start fusion-content-layout-column\"><div style=\"text-align:center;\"><a class=\"fusion-button button-flat button-xlarge button-custom fusion-button-default button-1 fusion-button-default-span fusion-button-default-type\" style=\"--button_accent_color:var(--awb-color1);--button_accent_hover_color:var(--awb-color1);--button_border_hover_color:hsla(var(--awb-color4-h),var(--awb-color4-s),calc(var(--awb-color4-l) - 15%),var(--awb-color4-a));--button_border_width-top:1px;--button_border_width-right:1px;--button_border_width-bottom:1px;--button_border_width-left:1px;--button_gradient_top_color:rgba(76,81,102,0);--button_gradient_bottom_color:rgba(76,81,102,0);--button_gradient_top_color_hover:#ffffff;--button_gradient_bottom_color_hover:#ffffff;\" target=\"_self\" href=\"https:\/\/www.etnosfera.ro\/ro\/contact-2\/\"><span class=\"fusion-button-text\">Contacteaz\u0103-ne!<\/span><\/a><\/div><\/div><\/div><div class=\"fusion-layout-column fusion_builder_column fusion-builder-column-9 fusion_builder_column_1_2 1_2 fusion-flex-column\" style=\"--awb-bg-size:cover;--awb-width-large:50%;--awb-margin-top-large:0px;--awb-spacing-right-large:3.84%;--awb-margin-bottom-large:20px;--awb-spacing-left-large:3.84%;--awb-width-medium:50%;--awb-spacing-right-medium:3.84%;--awb-spacing-left-medium:3.84%;--awb-width-small:100%;--awb-spacing-right-small:1.92%;--awb-spacing-left-small:1.92%;\"><div class=\"fusion-column-wrapper fusion-column-has-shadow fusion-flex-justify-content-flex-start fusion-content-layout-column\"><div style=\"text-align:center;\"><a class=\"fusion-button button-flat button-xlarge button-custom fusion-button-default button-2 fusion-button-default-span fusion-button-default-type\" style=\"--button_accent_color:var(--awb-color1);--button_accent_hover_color:var(--awb-color1);--button_border_hover_color:hsla(var(--awb-color4-h),var(--awb-color4-s),calc(var(--awb-color4-l) - 15%),var(--awb-color4-a));--button_border_width-top:1px;--button_border_width-right:1px;--button_border_width-bottom:1px;--button_border_width-left:1px;--button_gradient_top_color:rgba(76,81,102,0);--button_gradient_bottom_color:rgba(76,81,102,0);--button_gradient_top_color_hover:#ffffff;--button_gradient_bottom_color_hover:#ffffff;\" target=\"_self\" href=\"https:\/\/www.etnosfera.ro\/ro\/publicatii-2\/\"><span class=\"fusion-button-text\">Ultimele publica\u021bii<\/span><\/a><\/div><\/div><\/div><\/div><\/div><\/p>","protected":false},"excerpt":{"rendered":"","protected":false},"author":4,"featured_media":0,"parent":0,"menu_order":0,"comment_status":"closed","ping_status":"closed","template":"100-width.php","meta":{"_acf_changed":false,"footnotes":""},"class_list":["post-955","page","type-page","status-publish","hentry"],"acf":[],"yoast_head":"<!-- This site is optimized with the Yoast SEO plugin v25.0 - https:\/\/yoast.com\/wordpress\/plugins\/seo\/ -->\n<title>Colegiul de redactie - Etnosfera Journal<\/title>\n<meta name=\"robots\" content=\"noindex, follow, max-snippet:-1, max-image-preview:large, max-video-preview:-1\" \/>\n<meta property=\"og:locale\" content=\"ro_RO\" \/>\n<meta property=\"og:type\" content=\"article\" \/>\n<meta property=\"og:title\" content=\"Colegiul de redactie - Etnosfera Journal\" \/>\n<meta property=\"og:url\" content=\"https:\/\/www.etnosfera.ro\/ro\/colegiul-de-redactie\/\" \/>\n<meta property=\"og:site_name\" content=\"Etnosfera Journal\" \/>\n<meta property=\"article:modified_time\" content=\"2019-09-24T19:41:48+00:00\" \/>\n<meta name=\"twitter:card\" content=\"summary_large_image\" \/>\n<meta name=\"twitter:label1\" content=\"Timp estimat pentru citire\" \/>\n\t<meta name=\"twitter:data1\" content=\"11 minute\" \/>\n<script type=\"application\/ld+json\" class=\"yoast-schema-graph\">{\"@context\":\"https:\/\/schema.org\",\"@graph\":[{\"@type\":\"WebPage\",\"@id\":\"https:\/\/www.etnosfera.ro\/colegiul-de-redactie\/\",\"url\":\"https:\/\/www.etnosfera.ro\/colegiul-de-redactie\/\",\"name\":\"Colegiul de redactie - Etnosfera Journal\",\"isPartOf\":{\"@id\":\"https:\/\/www.etnosfera.ro\/#website\"},\"datePublished\":\"2019-09-20T19:15:58+00:00\",\"dateModified\":\"2019-09-24T19:41:48+00:00\",\"inLanguage\":\"ro-RO\",\"potentialAction\":[{\"@type\":\"ReadAction\",\"target\":[\"https:\/\/www.etnosfera.ro\/colegiul-de-redactie\/\"]}]},{\"@type\":\"WebSite\",\"@id\":\"https:\/\/www.etnosfera.ro\/#website\",\"url\":\"https:\/\/www.etnosfera.ro\/\",\"name\":\"Etnosfera Journal\",\"description\":\"\",\"potentialAction\":[{\"@type\":\"SearchAction\",\"target\":{\"@type\":\"EntryPoint\",\"urlTemplate\":\"https:\/\/www.etnosfera.ro\/?s={search_term_string}\"},\"query-input\":{\"@type\":\"PropertyValueSpecification\",\"valueRequired\":true,\"valueName\":\"search_term_string\"}}],\"inLanguage\":\"ro-RO\"}]}<\/script>\n<!-- \/ Yoast SEO plugin. -->","yoast_head_json":{"title":"Colegiul de redactie - Etnosfera Journal","robots":{"index":"noindex","follow":"follow","max-snippet":"max-snippet:-1","max-image-preview":"max-image-preview:large","max-video-preview":"max-video-preview:-1"},"og_locale":"ro_RO","og_type":"article","og_title":"Colegiul de redactie - Etnosfera Journal","og_url":"https:\/\/www.etnosfera.ro\/ro\/colegiul-de-redactie\/","og_site_name":"Etnosfera Journal","article_modified_time":"2019-09-24T19:41:48+00:00","twitter_card":"summary_large_image","twitter_misc":{"Timp estimat pentru citire":"11 minute"},"schema":{"@context":"https:\/\/schema.org","@graph":[{"@type":"WebPage","@id":"https:\/\/www.etnosfera.ro\/colegiul-de-redactie\/","url":"https:\/\/www.etnosfera.ro\/colegiul-de-redactie\/","name":"Colegiul de redactie - Etnosfera Journal","isPartOf":{"@id":"https:\/\/www.etnosfera.ro\/#website"},"datePublished":"2019-09-20T19:15:58+00:00","dateModified":"2019-09-24T19:41:48+00:00","inLanguage":"ro-RO","potentialAction":[{"@type":"ReadAction","target":["https:\/\/www.etnosfera.ro\/colegiul-de-redactie\/"]}]},{"@type":"WebSite","@id":"https:\/\/www.etnosfera.ro\/#website","url":"https:\/\/www.etnosfera.ro\/","name":"Etnosfera Journal","description":"","potentialAction":[{"@type":"SearchAction","target":{"@type":"EntryPoint","urlTemplate":"https:\/\/www.etnosfera.ro\/?s={search_term_string}"},"query-input":{"@type":"PropertyValueSpecification","valueRequired":true,"valueName":"search_term_string"}}],"inLanguage":"ro-RO"}]}},"_links":{"self":[{"href":"https:\/\/www.etnosfera.ro\/ro\/wp-json\/wp\/v2\/pages\/955","targetHints":{"allow":["GET"]}}],"collection":[{"href":"https:\/\/www.etnosfera.ro\/ro\/wp-json\/wp\/v2\/pages"}],"about":[{"href":"https:\/\/www.etnosfera.ro\/ro\/wp-json\/wp\/v2\/types\/page"}],"author":[{"embeddable":true,"href":"https:\/\/www.etnosfera.ro\/ro\/wp-json\/wp\/v2\/users\/4"}],"replies":[{"embeddable":true,"href":"https:\/\/www.etnosfera.ro\/ro\/wp-json\/wp\/v2\/comments?post=955"}],"version-history":[{"count":11,"href":"https:\/\/www.etnosfera.ro\/ro\/wp-json\/wp\/v2\/pages\/955\/revisions"}],"predecessor-version":[{"id":1177,"href":"https:\/\/www.etnosfera.ro\/ro\/wp-json\/wp\/v2\/pages\/955\/revisions\/1177"}],"wp:attachment":[{"href":"https:\/\/www.etnosfera.ro\/ro\/wp-json\/wp\/v2\/media?parent=955"}],"curies":[{"name":"wp","href":"https:\/\/api.w.org\/{rel}","templated":true}]}}