{"id":979,"date":"2022-12-07T10:51:25","date_gmt":"2022-12-07T10:51:25","guid":{"rendered":"https:\/\/www.etnosfera.ro\/?page_id=979"},"modified":"2023-01-03T16:34:18","modified_gmt":"2023-01-03T16:34:18","slug":"ghid-pentru-autori","status":"publish","type":"page","link":"https:\/\/www.etnosfera.ro\/ro\/ghid-pentru-autori\/","title":{"rendered":"Ghid pentru autori"},"content":{"rendered":"<div class=\"fusion-fullwidth fullwidth-box fusion-builder-row-1 fusion-flex-container nonhundred-percent-fullwidth non-hundred-percent-height-scrolling\" style=\"--awb-border-radius-top-left:0px;--awb-border-radius-top-right:0px;--awb-border-radius-bottom-right:0px;--awb-border-radius-bottom-left:0px;--awb-flex-wrap:wrap;\" ><div class=\"fusion-builder-row fusion-row fusion-flex-align-items-flex-start fusion-flex-content-wrap\" style=\"max-width:1331.2px;margin-left: calc(-4% \/ 2 );margin-right: calc(-4% \/ 2 );\"><div class=\"fusion-layout-column fusion_builder_column fusion-builder-column-0 fusion_builder_column_1_1 1_1 fusion-flex-column\" style=\"--awb-bg-size:cover;--awb-width-large:100%;--awb-margin-top-large:0px;--awb-spacing-right-large:1.92%;--awb-margin-bottom-large:20px;--awb-spacing-left-large:1.92%;--awb-width-medium:100%;--awb-spacing-right-medium:1.92%;--awb-spacing-left-medium:1.92%;--awb-width-small:100%;--awb-spacing-right-small:1.92%;--awb-spacing-left-small:1.92%;\"><div class=\"fusion-column-wrapper fusion-column-has-shadow fusion-flex-justify-content-flex-start fusion-content-layout-column\"><div class=\"fusion-separator fusion-full-width-sep\" style=\"align-self: center;margin-left: auto;margin-right: auto;margin-top:10px;margin-bottom:10px;width:100%;\"><\/div><div style=\"text-align:left;\"><a class=\"fusion-button button-flat button-medium button-custom fusion-button-default button-1 fusion-button-default-span fusion-button-default-type\" style=\"--button_accent_color:var(--awb-color1);--button_accent_hover_color:var(--awb-color1);--button_border_hover_color:hsla(var(--awb-color4-h),var(--awb-color4-s),calc(var(--awb-color4-l) - 15%),var(--awb-color4-a));--button_border_width-top:1px;--button_border_width-right:1px;--button_border_width-bottom:1px;--button_border_width-left:1px;--button_gradient_top_color:rgba(76,81,102,0);--button_gradient_bottom_color:rgba(76,81,102,0);--button_gradient_top_color_hover:#ffffff;--button_gradient_bottom_color_hover:#ffffff;\" target=\"_self\" href=\"https:\/\/www.etnosfera.ro\/revista\/ghid-autori.pdf\"><span class=\"fusion-button-text\">Versiunea PDF<\/span><\/a><\/div><div class=\"fusion-separator fusion-full-width-sep\" style=\"align-self: center;margin-left: auto;margin-right: auto;margin-top:10px;margin-bottom:10px;width:100%;\"><\/div><div class=\"fusion-separator\" style=\"align-self: flex-start;margin-right:auto;margin-bottom:30px;width:100%;max-width:100px;\"><div class=\"fusion-separator-border sep-single sep-solid\" style=\"--awb-height:20px;--awb-amount:20px;--awb-sep-color:#25afb4;border-color:#25afb4;border-top-width:2px;\"><\/div><\/div><div class=\"fusion-text fusion-text-1\"><p><strong>1.<\/strong> Textul trebuie editat \u00eentr-un fi\u0219ier de tip Microsoft Word.<\/p>\n<p><strong>2.<\/strong> Materialul trebuie s\u0103 fie redactat \u00een limba englez\u0103.<\/p>\n<p><strong>3. Dimensiuni material: <\/strong>3.500-5.000 de cuvinte, inclusiv tabele, referin\u021be, note de subsol (\u00eentre 5-15 pagini).<\/p>\n<p><strong>4. Titlu articol: <\/strong>Titlu 1, Times New Roman, 14, centrat, scris cu majuscule, bold.<\/p>\n<p><strong>5. Nume autor:<\/strong> imediat dup\u0103 articol, Times New Roman, 11, aliniat la dreapta, italic (cu not\u0103 de subsol: afiliere institu\u021bional\u0103, adres\u0103 de e-mail).<\/p>\n<p><strong>6. Rezumat: <\/strong>materialul va avea un rezumat de 200-250 de cuvinte, Times New Roman, 10, aliniat st\u00e2nga-dreapta, spa\u021biere de 1, italic + <strong>3-5 cuvinte cheie<\/strong>.<\/p>\n<p><strong>7. Materialul va fi <u>obligatoriu<\/u> structurat pe capitole \u0219i subcapitole. <\/strong>Titlurile vor fi Times New Roman, aliniate la centru.<\/p>\n<p><strong>8. Text articol\/recenzie, etc.: <\/strong>Times New Roman, 11, aliniat st\u00e2nga-dreapta, spa\u021biere de 1,15.<\/p>\n<p><strong>9. Citatele:<\/strong> \u00eencadrate obligatoriu \u00eentre ghilimele, Times New Roman, 10, aliniate st\u00e2nga-dreapta, spa\u021biere de 1. Se va da sursa complet\u0103 \u00een nota de subsol aferent\u0103. <strong><u>Important<\/u>: \u00een nota de subsol, va fi dat mai \u00eent\u00e2i citatul \u00een limba de origine (except\u00e2nd cazul c\u0103r\u021bilor\/articolelor \u00een limba englez\u0103), urmat de surs\u0103.<\/strong><\/p>\n<p><strong>10. Citarea: <\/strong>se va face doar \u00een notele de subsol, <strong><u>nu \u00een text<\/u><\/strong>. Notele de subsol vor fi scrise cu Times New Roman, 10, aliniate st\u00e2nga-dreapta, spa\u021bierea de 1.<\/p>\n<p><strong>11. Bibliografia este obligatorie:<\/strong> ordonat\u0103 alfabetic (mai \u00eent\u00e2i nume, apoi prenume autor), Times New Roman, 11, aliniat\u0103 st\u00e2nga-dreapta, spa\u021biere de 1,15. (ex.: Popescu Maria, <em>Istoria sociologiei<\/em>, Bucure\u0219ti, Editura Antet, 2001).<\/p>\n<p><strong>12.<\/strong> C\u00e2teva exemple de cit\u0103ri \u00een notele de subsol:<\/p>\n<ul>\n<li><strong>Carte: <\/strong>Prenume nume autor, <em>Titlu carte<\/em>, Ora\u0219, Editura, An, p. 1\/pp. 1-2.<\/li>\n<li>Petre Comarnescu<em>, Istoria rom\u00e2nilor<\/em>, Bucure\u0219ti, Editura Eminescu, 1985, pp. 212-213.<\/li>\n<li><strong>Volume coordonate:<\/strong> Dan Culcer, \u201eCre\u021bia Petru\u201d, \u00een <em>Dic\u021bionarul scriitorilor rom\u00e2ni<\/em>, Maria Zaciu (coord.), Bucure\u0219ti, Editura Funda\u021biei Culturale Rom\u00e2ne, 1995, p. 715.<\/li>\n<li><strong>Articol \u00een revist\u0103:<\/strong> George Bari\u021biu, \u201eScriitori clasici\u201d, \u00een Revista <em>Foaie pentru minte, inim\u0103 \u0219i literatur\u0103<\/em>, Bra\u0219ov, an I, nr. 16\/1838, pp. 123-170.<\/li>\n<li><strong>Material electronic<\/strong>: Dan Popescu, \u201eIstoria sociologiei\u201d, \u00een <em>Mediafax, <\/em>2 februarie 2022, Disponibil la adresa de internet: link, Accesat la data de 22 februarie 2021.<\/li>\n<\/ul>\n<p><strong>13.<\/strong> Alte men\u021biuni privind cit\u0103rile:<\/p>\n<p><strong>Diferen\u021be \u00eentre nota de subsol \u0219i bibliografie:<\/strong><\/p>\n<ul>\n<li>La notele de subsol: vom scrie mai \u00eent\u00e2i prenumele, apoi numele autorului, iar indicarea paginilor este obligatorie.<\/li>\n<li>La bibliografie: vom scrie mai \u00eent\u00e2i numele, apoi prenumele autorului, iar indicarea paginilor este obligatorie doar \u00een cazul articolelor publicate \u00een reviste sau a capitolelor din c\u0103r\u021bi.<\/li>\n<\/ul>\n<p><strong>Titlurile: <\/strong><\/p>\n<ul>\n<li>Titlurile c\u0103r\u021bilor, articolelor, etc., vor fi scrise mai \u00eent\u00e2i \u00een limba de origine, iar apoi vor fi traduse \u00een limba englez\u0103 \u0219i puse \u00eentre paranteze drepte (ex: Alin Popescu, <em>Introducere \u00een sociologie [Introduction in sociology]&#8230;<\/em>).<\/li>\n<li>Pentru c\u0103r\u021bi: titlul este italic Alin Popescu, <em>Introducere \u00een sociologie [Introduction in sociology]&#8230;<\/em><\/li>\n<li>Pentru capitole \u00een c\u0103r\u021bi: titlul capitolului \u00eentre ghilimele, iar al c\u0103r\u021bii \u00een italic (ex: Alin Popescu, \u201cSociologia. Defini\u021bii \u0219i teorii\u201d [\u201cSociology. Definitions and theories\u201d]&#8230; in Alin Popescu, <em>Introducere \u00een sociologie [Introduction in sociology]&#8230;<\/em>).<\/li>\n<li>Articole (\u00een reviste sau online): titlul se pune \u00eentre ghilimele \u201cSociologia. Defini\u021bii \u0219i teorii\u201d [\u201cSociology. Definitions and theories\u201d]&#8230;<\/li>\n<\/ul>\n<p><strong><em>op. cit<\/em><\/strong><strong>.:<\/strong> se folose\u0219te pentru a cita o singur\u0103 lucrare a unui autor; prima dat\u0103 trimiterea este integral\u0103, iar dup\u0103 aceea se folose\u0219te <em>op. cit<\/em>. + pagina\/paginile; se folose\u0219te \u00een cazul \u00een care p\u00e2n\u0103 la referin\u021ba bibliografic\u0103 de fa\u0163\u0103 au fost intercalate alte lucr\u0103ri ale altor autori.<\/p>\n<p><strong><em>Idem\/Eadem<\/em><\/strong><strong>:<\/strong> se folose\u0219te \u00een cazul \u00een care autorul este acela\u0219i ca \u00een nota precedent\u0103, dar este citat cu alt\u0103 lucrare; <em>Idem\/Eadem<\/em> substituie numai numele autorului\/autoarei.<\/p>\n<p><strong><em>Ibid.<\/em>:<\/strong> se folose\u0219te atunci c\u00e2nd exist\u0103 trimiteri succesive la acela\u015fi autor \u015fi aceea\u0219i lucrare: <em>Ibid.<\/em>, p\/pp.<\/p>\n<p><strong>\u00cen limba rom\u00e2n\u0103 ghilimelele sunt: \u201e &#8230;\u201d<\/strong> (Acestea se vor folosi \u00een notele de subsol, \u00een momentul \u00een care citatele sunt \u00een limba rom\u00e2n\u0103). Dac\u0103 avem ghilimele \u00een ghilimele vom proceda astfel: <strong>\u201e\u00ab &#8230; \u00bb\u201d.<\/strong><\/p>\n<p>\u00cen limba englez\u0103 ghilimelele sunt: <strong>\u201c&#8230;\u201d<\/strong>. Dac\u0103 avem ghilimele \u00een ghilimele proced\u0103m astfel: \u201cthis is our <strong>\u2018house\u2019<\/strong> for today\u201d<\/p>\n<p>Apostroful: <strong>\u2019<\/strong><\/p>\n<p>Dac\u0103 avem doi autori: Ion Popescu and Maria Ionescu, <em>Titlu, <\/em>&#8230;.<\/p>\n<p>Dac\u0103 avem trei sau mai mul\u021bi autori: Ion Popescu et al., <em>Titlu, <\/em>&#8230;.<\/p>\n<\/div><div class=\"fusion-separator fusion-full-width-sep\" style=\"align-self: center;margin-left: auto;margin-right: auto;margin-top:10px;margin-bottom:10px;width:100%;\"><\/div><\/div><\/div><div class=\"fusion-layout-column fusion_builder_column fusion-builder-column-1 fusion_builder_column_1_2 1_2 fusion-flex-column\" style=\"--awb-bg-size:cover;--awb-width-large:50%;--awb-margin-top-large:0px;--awb-spacing-right-large:3.84%;--awb-margin-bottom-large:20px;--awb-spacing-left-large:3.84%;--awb-width-medium:50%;--awb-spacing-right-medium:3.84%;--awb-spacing-left-medium:3.84%;--awb-width-small:100%;--awb-spacing-right-small:1.92%;--awb-spacing-left-small:1.92%;\"><div class=\"fusion-column-wrapper fusion-column-has-shadow fusion-flex-justify-content-flex-start fusion-content-layout-column\"><div style=\"text-align:center;\"><a class=\"fusion-button button-flat button-xlarge button-custom fusion-button-default button-2 fusion-button-default-span fusion-button-default-type\" style=\"--button_accent_color:var(--awb-color1);--button_accent_hover_color:var(--awb-color1);--button_border_hover_color:hsla(var(--awb-color4-h),var(--awb-color4-s),calc(var(--awb-color4-l) - 15%),var(--awb-color4-a));--button_border_width-top:1px;--button_border_width-right:1px;--button_border_width-bottom:1px;--button_border_width-left:1px;--button_gradient_top_color:rgba(76,81,102,0);--button_gradient_bottom_color:rgba(76,81,102,0);--button_gradient_top_color_hover:#ffffff;--button_gradient_bottom_color_hover:#ffffff;\" target=\"_self\" href=\"https:\/\/www.etnosfera.ro\/ro\/publicatii-2\/\"><span class=\"fusion-button-text\">Ultimele numere<\/span><\/a><\/div><\/div><\/div><div class=\"fusion-layout-column fusion_builder_column fusion-builder-column-2 fusion_builder_column_1_2 1_2 fusion-flex-column\" style=\"--awb-bg-size:cover;--awb-width-large:50%;--awb-margin-top-large:0px;--awb-spacing-right-large:3.84%;--awb-margin-bottom-large:20px;--awb-spacing-left-large:3.84%;--awb-width-medium:50%;--awb-spacing-right-medium:3.84%;--awb-spacing-left-medium:3.84%;--awb-width-small:100%;--awb-spacing-right-small:1.92%;--awb-spacing-left-small:1.92%;\"><div class=\"fusion-column-wrapper fusion-column-has-shadow fusion-flex-justify-content-flex-start fusion-content-layout-column\"><div style=\"text-align:center;\"><a class=\"fusion-button button-flat button-xlarge button-custom fusion-button-default button-3 fusion-button-default-span fusion-button-default-type\" style=\"--button_accent_color:var(--awb-color1);--button_accent_hover_color:var(--awb-color1);--button_border_hover_color:hsla(var(--awb-color4-h),var(--awb-color4-s),calc(var(--awb-color4-l) - 15%),var(--awb-color4-a));--button_border_width-top:1px;--button_border_width-right:1px;--button_border_width-bottom:1px;--button_border_width-left:1px;--button_gradient_top_color:rgba(76,81,102,0);--button_gradient_bottom_color:rgba(76,81,102,0);--button_gradient_top_color_hover:#ffffff;--button_gradient_bottom_color_hover:#ffffff;\" target=\"_self\" href=\"https:\/\/www.etnosfera.ro\/ro\/contact-2\/\"><span class=\"fusion-button-text\">Contacteaz\u0103-ne!<\/span><\/a><\/div><\/div><\/div><div class=\"fusion-layout-column fusion_builder_column fusion-builder-column-3 fusion_builder_column_1_1 1_1 fusion-flex-column\" style=\"--awb-bg-size:cover;--awb-width-large:100%;--awb-margin-top-large:0px;--awb-spacing-right-large:1.92%;--awb-margin-bottom-large:20px;--awb-spacing-left-large:1.92%;--awb-width-medium:100%;--awb-spacing-right-medium:1.92%;--awb-spacing-left-medium:1.92%;--awb-width-small:100%;--awb-spacing-right-small:1.92%;--awb-spacing-left-small:1.92%;\"><div class=\"fusion-column-wrapper fusion-column-has-shadow fusion-flex-justify-content-flex-start fusion-content-layout-column\"><div class=\"fusion-separator fusion-full-width-sep\" style=\"align-self: center;margin-left: auto;margin-right: auto;margin-top:10px;margin-bottom:10px;width:100%;\"><\/div><div class=\"fusion-separator fusion-full-width-sep\" style=\"align-self: center;margin-left: auto;margin-right: auto;margin-top:10px;margin-bottom:10px;width:100%;\"><\/div><div class=\"fusion-separator fusion-full-width-sep\" style=\"align-self: center;margin-left: auto;margin-right: auto;margin-top:10px;margin-bottom:10px;width:100%;\"><\/div><\/div><\/div><\/div><\/div>","protected":false},"excerpt":{"rendered":"","protected":false},"author":4,"featured_media":0,"parent":0,"menu_order":0,"comment_status":"closed","ping_status":"closed","template":"100-width.php","meta":{"_acf_changed":false,"footnotes":""},"class_list":["post-979","page","type-page","status-publish","hentry"],"acf":[],"yoast_head":"<!-- This site is optimized with the Yoast SEO plugin v25.0 - https:\/\/yoast.com\/wordpress\/plugins\/seo\/ -->\n<title>Ghid pentru autori - Etnosfera Journal<\/title>\n<meta name=\"robots\" content=\"noindex, follow, max-snippet:-1, max-image-preview:large, max-video-preview:-1\" \/>\n<meta property=\"og:locale\" content=\"ro_RO\" \/>\n<meta property=\"og:type\" content=\"article\" \/>\n<meta property=\"og:title\" content=\"Ghid pentru autori - Etnosfera Journal\" \/>\n<meta property=\"og:url\" content=\"https:\/\/www.etnosfera.ro\/ro\/ghid-pentru-autori\/\" \/>\n<meta property=\"og:site_name\" content=\"Etnosfera Journal\" \/>\n<meta property=\"article:modified_time\" content=\"2023-01-03T16:34:18+00:00\" \/>\n<meta name=\"twitter:card\" content=\"summary_large_image\" \/>\n<meta name=\"twitter:label1\" content=\"Timp estimat pentru citire\" \/>\n\t<meta name=\"twitter:data1\" content=\"8 minute\" \/>\n<script type=\"application\/ld+json\" class=\"yoast-schema-graph\">{\"@context\":\"https:\/\/schema.org\",\"@graph\":[{\"@type\":\"WebPage\",\"@id\":\"https:\/\/www.etnosfera.ro\/ghid-pentru-autori\/\",\"url\":\"https:\/\/www.etnosfera.ro\/ghid-pentru-autori\/\",\"name\":\"Ghid pentru autori - Etnosfera Journal\",\"isPartOf\":{\"@id\":\"https:\/\/www.etnosfera.ro\/#website\"},\"datePublished\":\"2022-12-07T10:51:25+00:00\",\"dateModified\":\"2023-01-03T16:34:18+00:00\",\"inLanguage\":\"ro-RO\",\"potentialAction\":[{\"@type\":\"ReadAction\",\"target\":[\"https:\/\/www.etnosfera.ro\/ghid-pentru-autori\/\"]}]},{\"@type\":\"WebSite\",\"@id\":\"https:\/\/www.etnosfera.ro\/#website\",\"url\":\"https:\/\/www.etnosfera.ro\/\",\"name\":\"Etnosfera Journal\",\"description\":\"\",\"potentialAction\":[{\"@type\":\"SearchAction\",\"target\":{\"@type\":\"EntryPoint\",\"urlTemplate\":\"https:\/\/www.etnosfera.ro\/?s={search_term_string}\"},\"query-input\":{\"@type\":\"PropertyValueSpecification\",\"valueRequired\":true,\"valueName\":\"search_term_string\"}}],\"inLanguage\":\"ro-RO\"}]}<\/script>\n<!-- \/ Yoast SEO plugin. -->","yoast_head_json":{"title":"Ghid pentru autori - Etnosfera Journal","robots":{"index":"noindex","follow":"follow","max-snippet":"max-snippet:-1","max-image-preview":"max-image-preview:large","max-video-preview":"max-video-preview:-1"},"og_locale":"ro_RO","og_type":"article","og_title":"Ghid pentru autori - Etnosfera Journal","og_url":"https:\/\/www.etnosfera.ro\/ro\/ghid-pentru-autori\/","og_site_name":"Etnosfera Journal","article_modified_time":"2023-01-03T16:34:18+00:00","twitter_card":"summary_large_image","twitter_misc":{"Timp estimat pentru citire":"8 minute"},"schema":{"@context":"https:\/\/schema.org","@graph":[{"@type":"WebPage","@id":"https:\/\/www.etnosfera.ro\/ghid-pentru-autori\/","url":"https:\/\/www.etnosfera.ro\/ghid-pentru-autori\/","name":"Ghid pentru autori - Etnosfera Journal","isPartOf":{"@id":"https:\/\/www.etnosfera.ro\/#website"},"datePublished":"2022-12-07T10:51:25+00:00","dateModified":"2023-01-03T16:34:18+00:00","inLanguage":"ro-RO","potentialAction":[{"@type":"ReadAction","target":["https:\/\/www.etnosfera.ro\/ghid-pentru-autori\/"]}]},{"@type":"WebSite","@id":"https:\/\/www.etnosfera.ro\/#website","url":"https:\/\/www.etnosfera.ro\/","name":"Etnosfera Journal","description":"","potentialAction":[{"@type":"SearchAction","target":{"@type":"EntryPoint","urlTemplate":"https:\/\/www.etnosfera.ro\/?s={search_term_string}"},"query-input":{"@type":"PropertyValueSpecification","valueRequired":true,"valueName":"search_term_string"}}],"inLanguage":"ro-RO"}]}},"_links":{"self":[{"href":"https:\/\/www.etnosfera.ro\/ro\/wp-json\/wp\/v2\/pages\/979","targetHints":{"allow":["GET"]}}],"collection":[{"href":"https:\/\/www.etnosfera.ro\/ro\/wp-json\/wp\/v2\/pages"}],"about":[{"href":"https:\/\/www.etnosfera.ro\/ro\/wp-json\/wp\/v2\/types\/page"}],"author":[{"embeddable":true,"href":"https:\/\/www.etnosfera.ro\/ro\/wp-json\/wp\/v2\/users\/4"}],"replies":[{"embeddable":true,"href":"https:\/\/www.etnosfera.ro\/ro\/wp-json\/wp\/v2\/comments?post=979"}],"version-history":[{"count":9,"href":"https:\/\/www.etnosfera.ro\/ro\/wp-json\/wp\/v2\/pages\/979\/revisions"}],"predecessor-version":[{"id":1613,"href":"https:\/\/www.etnosfera.ro\/ro\/wp-json\/wp\/v2\/pages\/979\/revisions\/1613"}],"wp:attachment":[{"href":"https:\/\/www.etnosfera.ro\/ro\/wp-json\/wp\/v2\/media?parent=979"}],"curies":[{"name":"wp","href":"https:\/\/api.w.org\/{rel}","templated":true}]}}